{"id":817,"date":"2020-09-14T15:24:49","date_gmt":"2020-09-14T15:24:49","guid":{"rendered":"https:\/\/explicat.biz\/?page_id=817"},"modified":"2026-04-27T05:48:39","modified_gmt":"2026-04-27T04:48:39","slug":"deutsch-stellenangebote","status":"publish","type":"page","link":"https:\/\/explicat.biz\/de\/deutsch-stellenangebote","title":{"rendered":"Stellenangebote"},"content":{"rendered":"<p>Die Explicat Pharma GmbH ist ein langj\u00e4hrig erfolgreich etabliertes international agierendes Beratungs- und Dienstleistungsunternehmen im Bereich der pharmazeutischen Entwicklung von Arzneimitteln und Kombinationsprodukten mit Sitz in Hohenbrunn bei M\u00fcnchen.<br \/>\nUnsere Bandbreite erstreckt sich \u00fcber s\u00e4mtliche Arzneiformen, Kombinationsprodukte bis hin zu Medizinprodukten. Wir bieten ein spannendes Arbeitsumfeld und breit gef\u00e4cherte, individuelle Entwicklungsm\u00f6glichkeiten im\u00a0innovativen, schnelllebigen Markt der pharmazeutischen Entwicklung.<\/p>\n<p>Aktuell suchen wir einen<\/p>\n<p><strong>Pharmazeut \/ Chemiker (w\/m\/d) als (junior) CMC Project Manager<\/strong><\/p>\n<p>in unbefristeter Vollzeitanstellung.<br \/>\n(<a href=\"http:\/\/www.explicat.com\/docs\/stellenausschreibung_pm2-cmc.pdf\" target=\"_blank\" rel=\"noopener\">siehe Stellenausschreibung<\/a>)<\/p>\n<p>Schicken Sie die Bewerbung bitte mit Lebenslauf an Stefan Miklos, career @ explicat.com<\/p>\n<p>Unabh\u00e4ngig davon freuen wir uns jederzeit \u00fcber Initiativbewerbungen aus dem naturwissenschaftlichen und pharmazeutischen Bereich.<\/p>","protected":false},"excerpt":{"rendered":"<p>Die Explicat Pharma GmbH ist ein langj\u00e4hrig erfolgreich etabliertes international agierendes Beratungs- und Dienstleistungsunternehmen im Bereich der pharmazeutischen Entwicklung von Arzneimitteln und Kombinationsprodukten mit Sitz in Hohenbrunn bei M\u00fcnchen. Unsere Bandbreite erstreckt sich \u00fcber s\u00e4mtliche Arzneiformen, Kombinationsprodukte bis hin zu Medizinprodukten. Wir bieten ein spannendes Arbeitsumfeld und breit gef\u00e4cherte, individuelle Entwicklungsm\u00f6glichkeiten im\u00a0innovativen, schnelllebigen Markt der&#8230; <\/p>\n","protected":false},"author":1,"featured_media":0,"parent":0,"menu_order":0,"comment_status":"closed","ping_status":"closed","template":"full-width.php","meta":{"footnotes":""},"class_list":["post-817","page","type-page","status-publish","hentry"],"_links":{"self":[{"href":"https:\/\/explicat.biz\/de\/wp-json\/wp\/v2\/pages\/817","targetHints":{"allow":["GET"]}}],"collection":[{"href":"https:\/\/explicat.biz\/de\/wp-json\/wp\/v2\/pages"}],"about":[{"href":"https:\/\/explicat.biz\/de\/wp-json\/wp\/v2\/types\/page"}],"author":[{"embeddable":true,"href":"https:\/\/explicat.biz\/de\/wp-json\/wp\/v2\/users\/1"}],"replies":[{"embeddable":true,"href":"https:\/\/explicat.biz\/de\/wp-json\/wp\/v2\/comments?post=817"}],"version-history":[{"count":42,"href":"https:\/\/explicat.biz\/de\/wp-json\/wp\/v2\/pages\/817\/revisions"}],"predecessor-version":[{"id":1392,"href":"https:\/\/explicat.biz\/de\/wp-json\/wp\/v2\/pages\/817\/revisions\/1392"}],"wp:attachment":[{"href":"https:\/\/explicat.biz\/de\/wp-json\/wp\/v2\/media?parent=817"}],"curies":[{"name":"wp","href":"https:\/\/api.w.org\/{rel}","templated":true}]}}