{"id":81,"date":"2016-09-16T06:27:18","date_gmt":"2016-09-16T06:27:18","guid":{"rendered":"https:\/\/explicat.biz\/?page_id=81"},"modified":"2020-12-21T13:02:24","modified_gmt":"2020-12-21T13:02:24","slug":"technical-project-management","status":"publish","type":"page","link":"https:\/\/explicat.biz\/de\/technical-project-management","title":{"rendered":"Technisches Projektmanagement"},"content":{"rendered":"<p><\/p>\n<table style=\"background: url('images\/services-tpm.jpg'); background-position: 0px 20px; background-repeat: no-repeat;\" border=\"0\" width=\"90%\" cellspacing=\"0\" cellpadding=\"0\">\n<tbody>\n<tr>\n<td width=\"45%\"><\/td>\n<td width=\"55%\">\u201cHaben Sie einen Wirkstoffkandidaten in einer fr\u00fchen Entwicklungsphase? Als Experten mit langj\u00e4hriger Erfahrung \u00fcbernehmen wir f\u00fcr Sie die Entwicklung und bringen Ihr Produkt auf den Markt.\u201d<\/p>\n<p>Dazu wenden wir ein integratives Konzept mit intelligentem Projektmanagement an.<br \/>\nDies bedeutet die relevanten Fachbereiche optimal zu koordinieren und zu integrieren f\u00fcr eine m\u00f6glichst schnelle Markteinf\u00fchrung.<br \/>\nSchl\u00fcsselelemente die wir abbilden sind:<\/p>\n<ul>\n<li>Regulatorische Strategie<\/li>\n<li>Aufbau einer rationalen Lieferkette<\/li>\n<li>Chemische und biotechnologische Entwicklung<\/li>\n<li>Pharmazeutische Entwicklung<\/li>\n<li>Entwicklung von Medizinprodukten<\/li>\n<li>Analytische Entwicklung<\/li>\n<li>GMP \/ Freigabeaspekte (Service als Sachkundige Person)<\/li>\n<li>Konzepterstellung und Durchf\u00fchrung Pr\u00e4klinischer und Klinischer Studien<\/li>\n<li>Fachgerechte Dokumentation (Fachberichte und Archivierung)<\/li>\n<\/ul>\n<\/td>\n<\/tr>\n<\/tbody>\n<\/table>\n<p><\/p>","protected":false},"excerpt":{"rendered":"<p>\u201cHaben Sie einen Wirkstoffkandidaten in einer fr\u00fchen Entwicklungsphase? Als Experten mit langj\u00e4hriger Erfahrung \u00fcbernehmen wir f\u00fcr Sie die Entwicklung und bringen Ihr Produkt auf den Markt.\u201d Dazu wenden wir ein integratives Konzept mit intelligentem Projektmanagement an. Dies bedeutet die relevanten Fachbereiche optimal zu koordinieren und zu integrieren f\u00fcr eine m\u00f6glichst schnelle Markteinf\u00fchrung. Schl\u00fcsselelemente die wir&#8230; <\/p>\n","protected":false},"author":1,"featured_media":0,"parent":0,"menu_order":0,"comment_status":"closed","ping_status":"closed","template":"full-width.php","meta":{"footnotes":""},"class_list":["post-81","page","type-page","status-publish","hentry"],"_links":{"self":[{"href":"https:\/\/explicat.biz\/de\/wp-json\/wp\/v2\/pages\/81","targetHints":{"allow":["GET"]}}],"collection":[{"href":"https:\/\/explicat.biz\/de\/wp-json\/wp\/v2\/pages"}],"about":[{"href":"https:\/\/explicat.biz\/de\/wp-json\/wp\/v2\/types\/page"}],"author":[{"embeddable":true,"href":"https:\/\/explicat.biz\/de\/wp-json\/wp\/v2\/users\/1"}],"replies":[{"embeddable":true,"href":"https:\/\/explicat.biz\/de\/wp-json\/wp\/v2\/comments?post=81"}],"version-history":[{"count":26,"href":"https:\/\/explicat.biz\/de\/wp-json\/wp\/v2\/pages\/81\/revisions"}],"predecessor-version":[{"id":876,"href":"https:\/\/explicat.biz\/de\/wp-json\/wp\/v2\/pages\/81\/revisions\/876"}],"wp:attachment":[{"href":"https:\/\/explicat.biz\/de\/wp-json\/wp\/v2\/media?parent=81"}],"curies":[{"name":"wp","href":"https:\/\/api.w.org\/{rel}","templated":true}]}}