{"id":78,"date":"2016-09-16T06:17:51","date_gmt":"2016-09-16T06:17:51","guid":{"rendered":"https:\/\/explicat.biz\/?page_id=78"},"modified":"2020-11-04T15:42:48","modified_gmt":"2020-11-04T15:42:48","slug":"services","status":"publish","type":"page","link":"https:\/\/explicat.biz\/de\/services","title":{"rendered":"Kompetenzen"},"content":{"rendered":"<p><script language=\"JavaScript\" type=\"text\/JavaScript\">\n<!--\nfunction MM_preloadImages() { \/\/v3.0\n  var d=document; if(d.images){ if(!d.MM_p) d.MM_p=new Array();\n    var i,j=d.MM_p.length,a=MM_preloadImages.arguments; for(i=0; i<a.length; i++)\n    if (a[i].indexOf(\"#\")!=0){ d.MM_p[j]=new Image; d.MM_p[j++].src=a[i];}}\n}\n\nfunction MM_swapImgRestore() { \/\/v3.0\n  var i,x,a=document.MM_sr; for(i=0;a&&i<a.length&&(x=a[i])&&x.oSrc;i++) x.src=x.oSrc;\n}\n\nfunction MM_findObj(n, d) { \/\/v4.01\n  var p,i,x;  if(!d) d=document; if((p=n.indexOf(\"?\"))>0&&parent.frames.length) {\n    d=parent.frames[n.substring(p+1)].document; n=n.substring(0,p);}\n  if(!(x=d[n])&&d.all) x=d.all[n]; for (i=0;!x&&i<d.forms.length;i++) x=d.forms[i][n];\n  for(i=0;!x&&d.layers&&i<d.layers.length;i++) x=MM_findObj(n,d.layers[i].document);\n  if(!x && d.getElementById) x=d.getElementById(n); return x;\n}\n\nfunction MM_swapImage() { \/\/v3.0\n  var i,j=0,x,a=MM_swapImage.arguments; document.MM_sr=new Array; for(i=0;i<(a.length-2);i+=3)\n   if ((x=MM_findObj(a[i]))!=null){document.MM_sr[j++]=x; if(!x.oSrc) x.oSrc=x.src; x.src=a[i+2];}\n}\n\nfunction MM_reloadPage(init) {  \/\/reloads the window if Nav4 resized\n  if (init==true) with (navigator) {if ((appName==\"Netscape\")&&(parseInt(appVersion)==4)) {\n    document.MM_pgW=innerWidth; document.MM_pgH=innerHeight; onresize=MM_reloadPage; }}\n  else if (innerWidth!=document.MM_pgW || innerHeight!=document.MM_pgH) location.reload();\n}\nMM_reloadPage(true);\n\nfunction MM_showHideLayers() { \/\/v6.0\n  var i,p,v,obj,args=MM_showHideLayers.arguments;\n  for (i=0; i<(args.length-2); i+=3) if ((obj=MM_findObj(args[i]))!=null) { v=args[i+2];\n    if (obj.style) { obj=obj.style; v=(v=='show')?'visible':(v=='hide')?'hidden':v; }\n    obj.visibility=v; }\n}\n-->\n<\/script><\/p>\n<table id=\"zweispaltig\">\n<tr>\n<td width=\"55%\" style=\"vertical-align:top;\">\n<TABLE cellpadding=\"0\" cellspacing=\"0\" id=\"puzzle\"><TR><TD COLSPAN=\"3\"><img decoding=\"async\" src=\"images\/puzzle_1a.jpg\" width=\"210px\" height=\"50px\"><\/TD><TD><img decoding=\"async\" src=\"images\/puzzle_1b.jpg\" name=\"pat1\" width=\"105px\" height=\"50px\" usemap=\"#Map7\" id=\"pat1\"><\/TD><TD><img decoding=\"async\" src=\"images\/puzzle_1c.jpg\" width=\"35px\" height=\"50px\"><\/TD><\/TR><TR><TD ROWSPAN=\"3\"><IMG SRC=\"images\/puzzle_2.jpg\" WIDTH=\"26px\" HEIGHT=\"294px\"><\/TD><TD><IMG SRC=\"images\/puzzle_3.jpg\" name=\"FD\" WIDTH=\"98px\" HEIGHT=\"104px\" usemap=\"#FDMap\" id=\"FD\"><\/TD><TD><IMG SRC=\"images\/puzzle_4.jpg\" name=\"TPM\" WIDTH=\"86px\" HEIGHT=\"104px\" usemap=\"#TPMMap\" id=\"TPM\"><\/TD><TD><IMG SRC=\"images\/puzzle_5.jpg\" alt=\"Process Analytical Technology\" name=\"TDDA2\" WIDTH=\"105px\" HEIGHT=\"104px\" usemap=\"#TDDA2Map\" id=\"TDDA2\"><\/TD><TD><IMG SRC=\"images\/puzzle_6.jpg\" name=\"TDDA3\" WIDTH=\"35px\" HEIGHT=\"104px\" id=\"TDDA3\"><\/TD><\/TR><TR><TD><IMG SRC=\"images\/puzzle_7.jpg\" name=\"AS2\" WIDTH=\"98px\" HEIGHT=\"103px\" usemap=\"#Map2\" id=\"AS2\"><\/TD><TD><IMG SRC=\"images\/puzzle_8.jpg\" name=\"PhD1\" WIDTH=\"86px\" HEIGHT=\"103px\" usemap=\"#Map3\" id=\"PhD1\"><\/TD><TD><IMG SRC=\"images\/puzzle_9.jpg\" name=\"TDDA1\" WIDTH=\"105px\" HEIGHT=\"103px\" usemap=\"#Map\" id=\"TDDA1\"><\/TD><TD><IMG SRC=\"images\/puzzle_10.jpg\" name=\"TDDA4\" WIDTH=\"35px\" HEIGHT=\"103px\" usemap=\"#TDDA4Map\" id=\"TDDA4\"><\/TD><\/TR><TR><TD><IMG SRC=\"images\/puzzle_11.jpg\" name=\"AS1\" WIDTH=\"98px\" HEIGHT=\"87px\" usemap=\"#Map4\" id=\"AS1\"><\/TD><TD><IMG SRC=\"images\/puzzle_12.jpg\" name=\"AS4\" WIDTH=\"86px\" HEIGHT=\"87px\" usemap=\"#Map5\" id=\"AS4\"><\/TD><TD><IMG SRC=\"images\/puzzle_13.jpg\" name=\"QPS1\" WIDTH=\"105px\" HEIGHT=\"87px\" usemap=\"#Map6\" id=\"QPS1\"><\/TD><TD><IMG SRC=\"images\/puzzle_14.jpg\" WIDTH=\"35px\" BORDER=\"0\" HEIGHT=\"87px\"><\/TD><\/TR><TR><TD COLSPAN=\"5\"><IMG SRC=\"images\/puzzle_15.jpg\" name=\"unten\" WIDTH=\"350px\" HEIGHT=\"23px\" usemap=\"#untenMap\" id=\"unten\"><\/TD><\/TR><\/TABLE><\/p>\n<p>Klicken Sie auf die Puzzleteile f\u00fcr weitere Informationen<br \/>Um auf die Teile klicken zu k\u00f6nnen, aktivieren Sie bitte Javascript<br \/><img decoding=\"async\" src=\"images\/1pixel_blank.gif\" width=\"400px\" height=\"1px\"><\/p>\n<\/td>\n<td width=\"45%\" style=\"vertical-align:top;\">\n<p>Unser weit gef\u00e4chertes Dienstleistungsangebot im Bereich Technical Project Management beinhaltet:<\/p>\n<ul>\n<li><a href=\"https:\/\/explicat.biz\/technical-project-management\">Technisches Projektmanagement<\/a><\/li>\n<li><a href=\"https:\/\/explicat.biz\/pharmaceutical-development\">Pharmazeutische Entwicklung<\/a><\/li>\n<li><a href=\"https:\/\/explicat.biz\/medical-device-development\">Entwicklung von Medizin- und Kombinationsprodukten<\/a><\/li>\n<li><a href=\"https:\/\/explicat.biz\/formulation-development\">Formulierungsentwicklung<\/a><\/li>\n<li><a href=\"https:\/\/explicat.biz\/technical-due-diligence\">Technische Due Diligence<\/a><\/li>\n<li><a href=\"https:\/\/explicat.biz\/qualified-person-services\">Sachkundige Person (QP)<\/a><\/li>\n<li><a href=\"https:\/\/explicat.biz\/process-analytical-technology-pat\">Process Analytical Technology (PAT)<\/a><\/li>\n<li><a href=\"https:\/\/explicat.biz\/additional-services\">Weitere Kompetenzbereiche<\/a><\/li>\n<\/ul>\n<\/td>\n<\/tr>\n<\/table>\n<map name=\"Map\">\n<area shape=\"poly\" coords=\"77,1,61,18,54,8,43,8,35,13,34,27,42,33,51,35,31,64,61,78,47,91,57,99,71,98,77,85,92,94,105,98,105,1\" href=\"https:\/\/explicat.biz\/technical-due-diligence\" alt=\"Technical Due Diligence Analysis\" onMouseOver=\"MM_swapImage('TDDA2','','images\/puzzle-tdda_5.jpg','TDDA3','','images\/puzzle-tdda_6.jpg','TDDA1','','images\/puzzle-tdda_9.jpg','TDDA4','','images\/puzzle-tdda_10.jpg',1);MM_showHideLayers('techduedilan','','show')\" onMouseOut=\"MM_swapImgRestore();MM_showHideLayers('techduedilan','','hide')\">\n<area shape=\"poly\" coords=\"0,0,0,88,10,94,29,69,17,63,18,50,27,47,33,57,47,37,32,22,34,9,23,18,15,18,10,7,22,0\" href=\"https:\/\/explicat.biz\/pharmaceutical-development\" onMouseOver=\"MM_showHideLayers('pharmdev','','show');MM_swapImage('TPM','','images\/puzzle-phd_4.jpg','TDDA2','','images\/puzzle-phd_5.jpg','PhD1','','images\/puzzle-phd_8.jpg','TDDA1','','images\/puzzle-phd_9.jpg',1)\" onMouseOut=\"MM_showHideLayers('pharmdev','','hide');MM_swapImgRestore()\">\n<area shape=\"poly\" coords=\"19,103,24,85,46,96,42,103\" href=\"https:\/\/explicat.biz\/qualified-person-services\" onMouseOver=\"MM_showHideLayers('qualpersserv','','show');MM_swapImage('TDDA1','','images\/puzzle-qps_9.jpg','AS4','','images\/puzzle-qps_12.jpg','QPS1','','images\/puzzle-qps_13.jpg',1)\" onMouseOut=\"MM_showHideLayers('qualpersserv','','hide');MM_swapImgRestore()\">\n<\/map>\n<map name=\"TDDA2Map\">\n<area shape=\"poly\" coords=\"84,87,79,105,102,105,102,98\" href=\"https:\/\/explicat.biz\/technical-due-diligence\" alt=\"Technical Due Diligence Analysis\" onMouseOver=\"MM_swapImage('TDDA2','','images\/puzzle-tdda_5.jpg','TDDA3','','images\/puzzle-tdda_6.jpg','TDDA1','','images\/puzzle-tdda_9.jpg','TDDA4','','images\/puzzle-tdda_10.jpg',1);MM_swapImage('TDDA2','','images\/puzzle-tdda_5.jpg','TDDA1','','images\/puzzle-tdda_9.jpg','TDDA4','','images\/puzzle-tdda_10.jpg',1)\" onMouseOut=\"MM_swapImgRestore()\">\n<area shape=\"poly\" coords=\"0,80,0,103,24,103\" href=\"https:\/\/explicat.biz\/pharmaceutical-development\" onMouseOver=\"MM_showHideLayers('pharmdev','','show');MM_swapImage('TPM','','images\/puzzle-phd_4.jpg','TDDA2','','images\/puzzle-phd_5.jpg','PhD1','','images\/puzzle-phd_8.jpg','TDDA1','','images\/puzzle-phd_9.jpg',1)\" onMouseOut=\"MM_showHideLayers('pharmdev','','hide');MM_swapImgRestore()\">\n<area shape=\"poly\" coords=\"14,0,10,16,26,19,27,33,16,40,8,28,0,29,0,69,11,74,4,82,17,95,22,84,32,81,55,97,102,17,76,0\" href=\"https:\/\/explicat.biz\/process-analytical-technology-pat\" alt=\"Process Analytical Technology\" onMouseOver=\"MM_showHideLayers('procanaltech','','show');MM_swapImage('pat1','','images\/puzzle-pat_2.jpg','TPM','','images\/puzzle-pat_6.jpg','TDDA2','','images\/puzzle-pat_7.jpg',1)\" onMouseOut=\"MM_showHideLayers('procanaltech','','hide');MM_swapImgRestore()\">\n<\/map>\n<map name=\"TDDA4Map\">\n<area shape=\"poly\" coords=\"0,2,0,97,22,67,35,79,35,2\" href=\"shttps:\/\/explicat.biz\/technical-due-diligence\" alt=\"Technical Due Diligence Analysis\" onMouseOver=\"MM_swapImage('TDDA2','','images\/puzzle-tdda_5.jpg','TDDA3','','images\/puzzle-tdda_6.jpg','TDDA1','','images\/puzzle-tdda_9.jpg','TDDA4','','images\/puzzle-tdda_10.jpg',1);MM_showHideLayers('techduedilan','','show')\" onMouseOut=\"MM_swapImgRestore();MM_showHideLayers('techduedilan','','hide')\">\n<\/map>\n<map name=\"TPMMap\">\n<area shape=\"poly\" coords=\"0,22,10,17,0,6,11,-1,20,4,22,16,56,4,56,46,78,44,81,69,68,70,59,68,60,99,47,92,35,103,0,103\" href=\"https:\/\/explicat.biz\/technical-project-management\" onMouseOver=\"MM_swapImage('FD','','images\/puzzle-tpm_3.jpg','TPM','','images\/puzzle-tpm_4.jpg',1);MM_showHideLayers('techproman','','show')\" onMouseOut=\"MM_swapImgRestore();MM_showHideLayers('techproman','','hide')\">\n<area shape=\"poly\" coords=\"72,104,86,104,86,82\" href=\"https:\/\/explicat.biz\/pharmaceutical-development\" onMouseOver=\"MM_showHideLayers('pharmdev','','show');MM_swapImage('TPM','','images\/puzzle-phd_4.jpg','TDDA2','','images\/puzzle-phd_5.jpg','PhD1','','images\/puzzle-phd_8.jpg','TDDA1','','images\/puzzle-phd_9.jpg',1)\" onMouseOut=\"MM_showHideLayers('pharmdev','','hide');MM_swapImgRestore()\">\n<\/map>\n<map name=\"FDMap\">\n<area shape=\"poly\" coords=\"103,24,76,30,81,66,94,62,93,81,84,77,84,105,98,105\" href=\"https:\/\/explicat.biz\/technical-project-management\" onMouseOver=\"MM_swapImage('FD','','images\/puzzle-tpm_3.jpg','TPM','','images\/puzzle-tpm_4.jpg',1);MM_showHideLayers('techproman','','show')\" onMouseOut=\"MM_swapImgRestore();MM_showHideLayers('techproman','','hide')\">\n<area shape=\"poly\" coords=\"32,3,35,17,3,12,2,97,43,102,75,103,80,77,92,77,91,68,79,66,74,33,49,25,55,10,45,4\" href=\"https:\/\/explicat.biz\/formulation-development\" onMouseOver=\"MM_swapImage('FD','','images\/puzzle-fd_3.jpg',1);MM_showHideLayers('formdev','','show')\" onMouseOut=\"MM_swapImgRestore();MM_showHideLayers('formdev','','hide')\">\n<\/map>\n<map name=\"Map2\">\n<area shape=\"poly\" coords=\"69,31,55,72,45,64,34,65,27,80,35,87,48,86,45,103,98,103,98,42\" href=\"https:\/\/explicat.biz\/additional-services\" onMouseOver=\"MM_showHideLayers('addserv','','show');MM_swapImage('AS2','','images\/puzzle-as_7.jpg','PhD1','','images\/puzzle-as_8.jpg','AS1','','images\/puzzle-as_11.jpg','AS4','','images\/puzzle-as_12.jpg',1)\" onMouseOut=\"MM_showHideLayers('addserv','','hide');MM_swapImgRestore()\">\n<\/map>\n<map name=\"Map3\">\n<area shape=\"poly\" coords=\"0,25,14,31,7,45,35,58,24,99,8,92,0,103\" href=\"https:\/\/explicat.biz\/additional-services\" onMouseOver=\"MM_showHideLayers('addserv','','show');MM_swapImage('AS2','','images\/puzzle-as_7.jpg','PhD1','','images\/puzzle-as_8.jpg','AS1','','images\/puzzle-as_11.jpg','AS4','','images\/puzzle-as_12.jpg',1)\" onMouseOut=\"MM_showHideLayers('addserv','','hide');MM_swapImgRestore()\">\n<area shape=\"poly\" coords=\"39,2,42,15,54,18,29,45,58,67,45,70,46,82,58,87,64,78,68,71,86,85,86,0,68,0,55,0\" href=\"https:\/\/explicat.biz\/pharmaceutical-development\" onMouseOver=\"MM_showHideLayers('pharmdev','','show');MM_swapImage('TPM','','images\/puzzle-phd_4.jpg','TDDA2','','images\/puzzle-phd_5.jpg','PhD1','','images\/puzzle-phd_8.jpg','TDDA1','','images\/puzzle-phd_9.jpg',1)\" onMouseOut=\"MM_showHideLayers('pharmdev','','hide');MM_swapImgRestore()\">\n<\/map>\n<map name=\"Map4\">\n<area shape=\"poly\" coords=\"45,-1,39,20,69,27,67,16,75,11,82,18,79,29,98,34,98,-1\" href=\"https:\/\/explicat.biz\/additional-services\" onMouseOver=\"MM_showHideLayers('addserv','','show');MM_swapImage('AS2','','images\/puzzle-as_7.jpg','PhD1','','images\/puzzle-as_8.jpg','AS1','','images\/puzzle-as_11.jpg','AS4','','images\/puzzle-as_12.jpg',1)\" onMouseOut=\"MM_showHideLayers('addserv','','hide');MM_swapImgRestore()\">\n<area shape=\"poly\" coords=\"97,68,89,64,83,61,77,68,75,76,80,81,98,87\" href=\"#\" onMouseOver=\"MM_showHideLayers('medicaldev','','show');MM_swapImage('AS1','','images\/puzzle-md_13.jpg','AS4','','images\/puzzle-md_14.jpg','QPS1','','images\/puzzle-md_15.jpg','unten','','images\/puzzle-md_17.jpg',1)\" onMouseOut=\"MM_showHideLayers('medicaldev','','hide');MM_swapImgRestore()\">\n<\/map>\n<map name=\"Map5\">\n<area shape=\"poly\" coords=\"0,0,0,38,11,40,20,4\" href=\"https:\/\/explicat.biz\/additional-services\" onMouseOver=\"MM_showHideLayers('addserv','','show');MM_swapImage('AS2','','images\/puzzle-as_7.jpg','PhD1','','images\/puzzle-as_8.jpg','AS1','','images\/puzzle-as_11.jpg','AS4','','images\/puzzle-as_12.jpg',1)\" onMouseOut=\"MM_showHideLayers('addserv','','hide');MM_swapImgRestore()\">\n<area shape=\"poly\" coords=\"86,9,77,19,86,30\" href=\"#\" onMouseOver=\"MM_showHideLayers('qualpersserv','','show');MM_swapImage('TDDA1','','images\/puzzle-qps_9.jpg','AS4','','images\/puzzle-qps_12.jpg','QPS1','','images\/puzzle-qps_13.jpg',1)\" onMouseOut=\"MM_showHideLayers('qualpersserv','','hide');MM_swapImgRestore()\">\n<area shape=\"poly\" coords=\"42,46,11,39,0,65,0,86,74,89,86,69,86,57,70,50,54,50,52,63,45,69,33,61\" href=\"https:\/\/explicat.biz\/medical-device-development\" alt=\"Medical Devices\" onMouseOver=\"MM_showHideLayers('medicaldev','','show');MM_swapImage('AS1','','images\/puzzle-md_13.jpg','AS4','','images\/puzzle-md_14.jpg','QPS1','','images\/puzzle-md_15.jpg','unten','','images\/puzzle-md_17.jpg',1)\" onMouseOut=\"MM_showHideLayers('medicaldev','','hide');MM_swapImgRestore()\">\n<\/map>\n<map name=\"Map6\">\n<area shape=\"poly\" coords=\"17,0,11,14,0,10,0,28,10,30,2,55,29,66,19,81,38,84,42,73,71,82,80,55,97,60,102,43,85,39,94,7,83,0\" href=\"https:\/\/explicat.biz\/qualified-person-services\" onMouseOver=\"MM_showHideLayers('qualpersserv','','show');MM_swapImage('TDDA1','','images\/puzzle-qps_9.jpg','AS4','','images\/puzzle-qps_12.jpg','QPS1','','images\/puzzle-qps_13.jpg',1)\" onMouseOut=\"MM_showHideLayers('qualpersserv','','hide');MM_swapImgRestore()\">\n<\/map>\n<map name=\"Map7\">\n<area shape=\"poly\" coords=\"30,26,15,50,55,50,60,42\" href=\"https:\/\/explicat.biz\/process-analytical-technology-pat\" alt=\"Process Analytical Technology\" onMouseOver=\"MM_showHideLayers('procanaltech','','show');MM_swapImage('pat1','','images\/puzzle-pat_2.jpg','TPM','','images\/puzzle-pat_6.jpg','TDDA2','','images\/puzzle-pat_7.jpg',1)\" onMouseOut=\"MM_showHideLayers('procanaltech','','hide');MM_swapImgRestore()\">\n<\/map>\n<map name=\"untenMap\">\n<area shape=\"poly\" coords=\"113,2,107,21\" href=\"#\">\n<area shape=\"poly\" coords=\"113,0,106,23,225,23,214,13,201,13,201,0\" href=\"https:\/\/explicat.biz\/medical-device-development\" alt=\"Medical Devices\" onMouseOver=\"MM_swapImage('AS1','','images\/puzzle-md_13.jpg','AS4','','images\/puzzle-md_14.jpg','QPS1','','images\/puzzle-md_15.jpg','unten','','images\/puzzle-md_17.jpg',1);MM_showHideLayers('medicaldev','','show')\" onMouseOut=\"MM_swapImgRestore();MM_showHideLayers('medicaldev','','hide')\">\n<\/map>\n<p><\/p>","protected":false},"excerpt":{"rendered":"<p>Klicken Sie auf die Puzzleteile f\u00fcr weitere InformationenUm auf die Teile klicken zu k\u00f6nnen, aktivieren Sie bitte Javascript Unser weit gef\u00e4chertes Dienstleistungsangebot im Bereich Technical Project Management beinhaltet: Technisches Projektmanagement Pharmazeutische Entwicklung Entwicklung von Medizin- und Kombinationsprodukten Formulierungsentwicklung Technische Due Diligence Sachkundige Person (QP) Process Analytical Technology (PAT) Weitere Kompetenzbereiche<\/p>\n","protected":false},"author":1,"featured_media":0,"parent":0,"menu_order":0,"comment_status":"closed","ping_status":"closed","template":"full-width.php","meta":{"footnotes":""},"class_list":["post-78","page","type-page","status-publish","hentry"],"_links":{"self":[{"href":"https:\/\/explicat.biz\/de\/wp-json\/wp\/v2\/pages\/78","targetHints":{"allow":["GET"]}}],"collection":[{"href":"https:\/\/explicat.biz\/de\/wp-json\/wp\/v2\/pages"}],"about":[{"href":"https:\/\/explicat.biz\/de\/wp-json\/wp\/v2\/types\/page"}],"author":[{"embeddable":true,"href":"https:\/\/explicat.biz\/de\/wp-json\/wp\/v2\/users\/1"}],"replies":[{"embeddable":true,"href":"https:\/\/explicat.biz\/de\/wp-json\/wp\/v2\/comments?post=78"}],"version-history":[{"count":62,"href":"https:\/\/explicat.biz\/de\/wp-json\/wp\/v2\/pages\/78\/revisions"}],"predecessor-version":[{"id":868,"href":"https:\/\/explicat.biz\/de\/wp-json\/wp\/v2\/pages\/78\/revisions\/868"}],"wp:attachment":[{"href":"https:\/\/explicat.biz\/de\/wp-json\/wp\/v2\/media?parent=78"}],"curies":[{"name":"wp","href":"https:\/\/api.w.org\/{rel}","templated":true}]}}