{"id":613,"date":"2018-05-24T15:48:21","date_gmt":"2018-05-24T15:48:21","guid":{"rendered":"https:\/\/explicat.biz\/?page_id=613"},"modified":"2019-03-25T17:49:04","modified_gmt":"2019-03-25T17:49:04","slug":"deutsch-datenschutzerklaerung","status":"publish","type":"page","link":"https:\/\/explicat.biz\/de\/deutsch-datenschutzerklaerung","title":{"rendered":"Datenschutz"},"content":{"rendered":"<p>Wir freuen uns \u00fcber Ihren Besuch auf unserer Webseite. Da uns wichtig ist, dass Sie sich bei dem Besuch unserer Webseite sicher und wohl f\u00fchlen und der Schutz Ihrer Privatsph\u00e4re f\u00fcr uns einen hohen Stellenwert besitzt, m\u00f6chten wir Sie im Folgenden \u00fcber unsere Handhabung der Erhebung, Verwendung und Weitergabe von pers\u00f6nlichen Daten gem\u00e4\u00df Art. 13 Datenschutzgrundverordnung (DSGVO) informieren.<\/p>\n<h3>Verantwortlicher<\/h3>\n<p>Verantwortlich f\u00fcr die nachfolgend dargestellte Datenerhebung und Verarbeitung ist die im Impressum genannte Stelle.<\/p>\n<h3>Speicherung der IP-Adresse<\/h3>\n<p>Wir speichern die von Ihrem Webbrowser \u00fcbermittelte IP-Adresse streng zweckgebunden f\u00fcr die Dauer von sieben Tagen, in dem Interesse, Angriffe auf unsere Webseiten erkennen, eingrenzen und beseitigen zu k\u00f6nnen. Nach Ablauf dieser Zeit-spanne l\u00f6schen bzw. anonymisieren wir die IP-Adresse. Rechtsgrundlage ist Art. 6 Abs. 1 lit. f DSGVO.<\/p>\n<h3>Nutzungsdaten<\/h3>\n<p>Wenn Sie unsere Webseiten besuchen, werden auf unserem Webserver tempor\u00e4r sogenannte Nutzungsdaten zu statistischen Zwecken als Protokoll gespeichert, um die Qualit\u00e4t unserer Webseiten zu verbessern. Dieser Datensatz besteht aus<\/p>\n<p>der Seite, von der aus die Datei angefordert wurde,<br \/>\ndem Namen der Datei,<br \/>\ndem Datum und der Uhrzeit der Abfrage,<br \/>\nder \u00fcbertragenen Datenmenge,<br \/>\ndem Zugriffsstatus (Datei \u00fcbertragen, Datei nicht gefunden),<br \/>\nder Beschreibung des Typs des verwendeten Webbrowsers,<br \/>\nder IP-Adresse des anfragenden Rechners, die so verk\u00fcrzt wird, dass ein Personenbezug nicht mehr herstellbar ist.<br \/>\nDie genannten Protokolldaten werden nur anonymisiert gespeichert.<\/p>\n<h3>Datensicherheit<\/h3>\n<p>Um Ihre Daten vor unerw\u00fcnschten Zugriffen m\u00f6glichst umfassend zu sch\u00fctzen, treffen wir technische und organisatorische Ma\u00dfnahmen. Wir setzen auf unseren Seiten ein Verschl\u00fcsselungsverfahren ein. Ihre Angaben werden von Ihrem Rechner zu unserem Server und umgekehrt \u00fcber das Internet mittels einer TLS 1.2-Verschl\u00fcsselung \u00fcbertragen. Sie erkennen dies daran, dass in der Statusleiste Ihres Browsers das Schloss-Symbol geschlossen ist und die Adresszeile mit https:\/\/ beginnt.<\/p>\n<h3>Datenempf\u00e4nger<\/h3>\n<p>Auftragsverarbeiter<br \/>\nWir \u00fcbermitteln Ihre Daten im Rahmen einer Auftragsverarbeitung gem. Art. 28 DSGVO an Dienstleister, die uns beim Betrieb unserer Webseiten und der damit zusammenh\u00e4ngenden Prozesse unterst\u00fctzen. Unsere Dienstleister sind uns gegen\u00fcber streng weisungsgebunden und entsprechend vertraglich verpflichtet. Folgende Dienstleister setzen wir ein: 1und1 Internet SE (Hosting), Google Analytics \/ Google Inc. (Webanalyse).<\/p>\n<p>Teilweise \u00fcbermitteln wir hierbei personenbezogene Daten an ein Drittland au\u00dferhalb der EU. Wir haben dabei jeweils Sorge f\u00fcr ein angemessenes Datenschutzniveau getragen:<\/p>\n<p>Im Falle von Google Analytics (USA), folgt ein angemessenes Datenschutzniveau aus der entsprechenden Teilnahme am Privacy-Shield-Abkommen (Art. 45 Abs. 1 DSGVO).<\/p>\n<p>Wir werden Ihre personenbezogenen Daten weder an Dritte verkaufen noch anderweitig vermarkten.<\/p>\n<h3>Cookies<\/h3>\n<p>Auf unseren Webseiten nutzen wir Cookies. Cookies sind kleine Textdateien, die auf Ihrem Endger\u00e4t gespeichert und ausgelesen werden k\u00f6nnen. Man unterscheidet zwischen Session-Cookies, die wieder gel\u00f6scht werden, sobald Sie ihren Browser schlie\u00dfen und permanenten Cookies, die \u00fcber die einzelne Sitzung hinaus gespeichert werden. Cookies k\u00f6nnen Daten enthalten, die eine Wiedererkennung des genutzten Ger\u00e4ts m\u00f6glich machen. Teilweise enthalten Cookies aber auch lediglich Informationen zu bestimmten Einstellungen, die nicht personenbeziehbar sind.<\/p>\n<p>Wir nutzen auf unseren Webseiten Session-Cookies und permanente Cookies. Die Verarbeitung erfolgt auf Grundlage von Art. 6 Abs. 1 lit. f DSGVO und in dem Interesse die Benutzerf\u00fchrung zu optimieren bzw. zu erm\u00f6glichen und die Darstellung unserer Webseite anzupassen.<\/p>\n<p>Sie k\u00f6nnen Ihren Browser so einstellen, dass er Sie \u00fcber die Platzierung von Cookies informiert. So wird der Gebrauch von Cookies f\u00fcr Sie transparent. Sie k\u00f6nnen Cookies zudem jederzeit \u00fcber die entsprechende Browsereinstellung l\u00f6schen und das Setzen neuer Cookies verhindern. Bitte beachten Sie, dass unsere Webseiten dann ggf. nicht optimal angezeigt werden und einige Funktionen technisch nicht mehr zur Verf\u00fcgung stehen.<\/p>\n<h3>Einsatz von Webtracking-Tools bzw. Webanalyse-Tools<\/h3>\n<p>Wir setzen auf dieser Seite Webtrackingtechnologien ein. Dabei werden unter einem Pseudonym Nutzungsprofile erstellt. Diese werden nicht dazu benutzt, den Besucher dieser Webseite pers\u00f6nlich zu identifizieren und nicht mit personenbezogenen Daten \u00fcber den Tr\u00e4ger des Pseudonyms zusammengef\u00fchrt. Sie k\u00f6nnen der Datenverarbeitung durch Webtracking Tools jederzeit widersprechen. Wie das geht erfahren Sie in den folgenden Passagen zu den jeweiligen Tracking-Diensten.<\/p>\n<h3>Google Analytics<\/h3>\n<p>Zur bedarfsgerechten Gestaltung unserer Webseite erstellen wir pseudonyme Nut-zungsprofile mit Hilfe von Google Analytics. Google Analytics verwendet Cookies, die auf Ihrem Endger\u00e4t gespeichert und von uns ausgelesen werden k\u00f6nnen. Auf diese Weise sind wir in der Lage, wiederkehrende Besucher zu erkennen und als solche zu z\u00e4hlen.<\/p>\n<h3>Art, Nutzung und Weitergabe der Daten<\/h3>\n<p>Die durch das Cookie erzeugten Informationen \u00fcber Ihre Benutzung dieser Webseite werden in der Regel an einen Server von Google in den USA \u00fcbertragen und dort gespeichert. Da wir die IP-Anonymisierung auf unserer Webseite aktiviert haben, wird Ihre IP-Adresse von Google jedoch zuvor innerhalb von Mitgliedstaaten der Europ\u00e4ischen Union gek\u00fcrzt. Nur in Ausnahmef\u00e4llen wird die volle IP-Adresse an einen Server von Google in den USA (ein angemessenes Datenschutzniveau liegt nach Art. 45 Abs. 1 DSGVO durch Googles Teilnahme am Privacy Shield vor) \u00fcbertragen und erst dort gek\u00fcrzt. Wir haben mit Google Inc. (USA) zudem einen Vertrag zur Auftragsverarbeitung nach Art. 28 DSGVO geschlossen. Google kann alle Informationen demnach nur streng zweckgebunden nutzen, um die Nutzung unserer Website f\u00fcr uns auszuwerten und Reports \u00fcber die Websiteaktivit\u00e4ten zusammenzustellen.<\/p>\n<h3>Rechtsgrundlage f\u00fcr die Datenverarbeitung<\/h3>\n<p>Die Datenverarbeitung erfolgt auf der Grundlage von Art. 6 Abs. 1 lit. f DSG-VO bzw. \u00a7 15 Abs. 3 TMG und in dem Interesse zu erfahren, wie h\u00e4ufig unsere Webseiten von unterschiedlichen Nutzern aufgerufen wurden.<\/p>\n<h3>Widerspruchsrecht<\/h3>\n<p>Sie k\u00f6nnen der Verarbeitung jederzeit widersprechen. Bitte nutzen Sie hierf\u00fcr eine der folgenden M\u00f6glichkeiten:<\/p>\n<p>Sie k\u00f6nnen die Speicherung der Cookies durch eine entsprechende Einstellung Ihrer Browser-Software verhindern; wir weisen Sie jedoch darauf hin, dass Sie in diesem Fall gegebenenfalls nicht s\u00e4mtliche Funktionen unserer Webseite vollumf\u00e4nglich werden nutzen k\u00f6nnen.<br \/>\nSie k\u00f6nnen dar\u00fcber hinaus die Erfassung der durch das Cookie erzeugten und auf Ihre Nutzung der Webseite bezogenen Daten (inkl. Ihrer IP-Adresse) an Google sowie die Verarbeitung dieser Daten durch Google verhindern, indem Sie das unter dem folgen-den Link (https:\/\/tools.google.com\/dlpage\/gaoptout?hl=de) verf\u00fcgbare Browser-Plugin herunterladen und installieren.<br \/>\nEine Erfassung durch Google Analytics k\u00f6nnen Sie zus\u00e4tzlich verhindern, indem Sie auf folgenden Link klicken. Es wird ein Opt-Out-Cookie gesetzt, der die zuk\u00fcnftige Erfassung Ihrer Daten beim Besuch dieser Website dauerhaft verhindert:Klicken Sie hier, um die Verarbeitung Ihrer Daten durch Google Analytics zu widersprechen.<br \/>\nWeitere Informationen finden Sie unter: www.google.com\/analytics\/terms\/de.html bzw. unter www.google.com\/intl\/de\/analytics\/privacyoverview.html<\/p>\n<h3>Weiterleitung auf andere Webseiten und soziale Netzwerke<\/h3>\n<p>Auf unseren Webseiten finden Sie auch Links zu Webangeboten anderer Anbieter. Sie erkennen dies z.B. an einem Logo oder daran, dass sich ein neues Browserfenster \u00f6ffnet.<\/p>\n<p>Wir stellen uns auf Grundlage von Art. 6 Abs. 1 S. 1 lit. f DSGVO und dem Interesse der \u00d6ffentlichkeitsarbeit und Kommunikation offiziell auf folgenden sozialen Netzwerke dar:<\/p>\n<p><strong>LinkedIn<\/strong><br \/>\nUnsere Website nutzt Funktionen des Netzwerks LinkedIn. Anbieter ist die LinkedIn Corporation, 2029 Stierlin Court, Mountain View, CA 94043, USA. Bei jedem Abruf einer unserer Seiten, die Funktionen von LinkedIn enth\u00e4lt, wird eine Verbindung zu Servern von LinkedIn aufbaut. LinkedIn wird dar\u00fcber informiert, dass Sie unsere Internetseiten mit Ihrer IP-Adresse besucht haben. Wenn Sie den &#8222;Recommend-Button&#8220; von LinkedIn anklicken und in Ihrem Account bei LinkedIn eingeloggt sind, ist es LinkedIn m\u00f6glich, Ihren<br \/>\nBesuch auf unserer Internetseite Ihnen und Ihrem Benutzerkonto zuzuordnen. Wir weisen darauf hin, dass wir als Anbieter der Seiten keine Kenntnis vom Inhalt der \u00fcbermittelten Daten sowie deren Nutzung durch LinkedIn haben.<br \/>\nWeitere Informationen hierzu finden Sie in der Datenschutzerkl\u00e4rung von LinkedIn unter:<br \/>\nhttps:\/\/www.linkedin.com\/legal\/privacy-policy<\/p>\n<p><strong>XING<\/strong><br \/>\nUnsere Website nutzt Funktionen des Netzwerks XING. Anbieter ist die XING AG, Dammtorstra\u00dfe 29-32, 20354 Hamburg, Deutschland. Bei jedem Abruf einer unserer Seiten, die Funktionen von XING enth\u00e4lt, wird eine Verbindung zu Servern von XING hergestellt. Eine Speicherung von personenbezogenen Daten erfolgt dabei nach unserer Kenntnis nicht. Insbesondere werden keine IP-Adressen gespeichert oder das Nutzungsverhalten ausgewertet.<br \/>\nWeitere Information zum Datenschutz und dem XING Share-Button finden Sie in der<br \/>\nDatenschutzerkl\u00e4rung von XING unter: https:\/\/www.xing.com\/app\/share?op=data_protection<\/p>\n<h3>Kontaktformular<\/h3>\n<p>Sie haben die M\u00f6glichkeit, mit uns \u00fcber ein Webformular in Kontakt zu treten. Zur Nutzung unseres Kontaktformulars ben\u00f6tigen wir Ihren Namen und Ihre E-Mail-Adresse. Weitere Angaben k\u00f6nnen Sie mitteilen, m\u00fcssen dies jedoch nicht.<\/p>\n<p>Angaben, die Sie uns im Rahmen der Kontaktaufnahme mitteilen, verwenden wir auf Grundlage von Art. 6 Abs. 1 lit. b DSGVO bzw. Art. 6 Abs. 1 lit. f DSGVO in dem Interesse Ihre Anfrage m\u00f6glichst unkompliziert, schnell und kunden- bzw. nutzergerecht beantworten zu k\u00f6nnen. Die Daten werden nach 6 Monaten gel\u00f6scht. Eine Weitergabe an Dritte erfolgt nicht.<\/p>\n<h3>Verwendung von Google reCaptcha (Kontaktformular und Newsletteranmeldung)<\/h3>\n<p>Wir verwenden den Google-Dienst reCaptcha, um festzustellen, ob ein Mensch oder ein Computer eine bestimmte Eingabe in unserem Kontaktformular macht. Google pr\u00fcft anhand folgender Daten, ob Sie ein Mensch oder ein Computer sind: IP-Adresse des verwendeten Endger\u00e4ts, die Webseite, die Sie bei uns besuchen und auf der das Captcha eingebunden ist, das Datum und die Dauer des Besuchs, die Erkennungsdaten des verwendeten Browser- und Betriebssystem-Typs, Google-Account, wenn Sie bei Google eingeloggt sind, Mausbewegungen auf den reCaptcha-Fl\u00e4chen sowie Aufgaben, bei denen Sie Bilder identifizieren m\u00fcssen. Rechtsgrundlage f\u00fcr die beschriebene Datenverarbeitung ist Art. 6 Abs. 1 lit. f DSGVO und dem Interesse, die Sicherheit unserer Webseite zu gew\u00e4hrleisten.<\/p>\n<h3>Ihre Rechte als Nutzer<\/h3>\n<p>Bei Verarbeitung Ihrer personenbezogenen Daten gew\u00e4hrt die DSGVO Ihnen als Webseitennutzer bestimmte Rechte:<\/p>\n<p>1. Auskunftsrecht (Art. 15 DSGVO):<br \/>\nSie haben das Recht eine Best\u00e4tigung dar\u00fcber zu verlangen, ob Sie betreffende personenbezogene Daten verarbeitet werden; ist dies der Fall, so haben Sie ein Recht auf Auskunft \u00fcber diese personenbezogenen Daten und auf die in Art. 15 DSGVO im einzelnen aufgef\u00fchrten Informationen.<\/p>\n<p>2. Recht auf Berichtigung und L\u00f6schung (Art. 16 und 17 DSGVO):<br \/>\nSie haben das Recht, unverz\u00fcglich die Berichtigung Sie betreffender unrichtiger personenbezogener Daten und ggf. die Vervollst\u00e4ndigung unvollst\u00e4ndiger personenbezogener Daten zu verlangen.<\/p>\n<p>Sie haben zudem das Recht, zu verlangen, dass Sie betreffende personenbezogene Daten unverz\u00fcglich gel\u00f6scht werden, sofern einer der in Art. 17 DSGVO im einzelnen aufgef\u00fchrten Gr\u00fcnde zutrifft, z. B. wenn die Daten f\u00fcr die verfolgten Zwecke nicht mehr ben\u00f6tigt werden.<\/p>\n<p>3. Recht auf Einschr\u00e4nkung der Verarbeitung (Art. 18 DSGVO):<br \/>\nSie haben das Recht, die Einschr\u00e4nkung der Verarbeitung zu verlangen, wenn eine der in Art. 18 DSGVO aufgef\u00fchrten Voraussetzungen gegeben ist, z. B. wenn Sie Widerspruch gem\u00e4\u00df Art. 21 DSGVO gegen die Verarbeitung eingelegt haben, f\u00fcr die Dauer einer etwaigen Pr\u00fcfung, ob unsere berechtigten Interessen gegen\u00fcber den Ihren \u00fcberwiegen.<\/p>\n<p>4. Recht auf Daten\u00fcbertragbarkeit (Art. 20 DSGVO):<br \/>\nIn bestimmten F\u00e4llen, die in Art. 20 DSGVO im Einzelnen aufgef\u00fchrt werden, haben Sie das Recht, die Sie betreffenden personenbezogenen Daten in einem strukturierten, g\u00e4ngigen und maschinenlesbaren Format zu erhalten bzw. die \u00dcbermittlung dieser Daten an einen Dritten zu verlangen.<\/p>\n<p>5. Widerspruchsrecht (Art. 21 DSGVO):<br \/>\nWerden Daten auf Grundlage von Art. 6 Abs. 1 S. 1 lit. f erhoben (Datenverarbeitung zur Wahrung berechtigter Interessen), steht Ihnen das Recht zu, aus Gr\u00fcnden, die sich aus Ihrer besonderen Situation ergeben, jederzeit gegen die Verarbeitung Widerspruch einzulegen. Wir verarbeiten die personenbezogenen Daten dann nicht mehr, es sei denn, es liegen nachweisbar zwingende schutzw\u00fcrdige Gr\u00fcnde f\u00fcr die Verarbeitung vor, die Ihren Interessen, Rechten und Freiheiten gegen\u00fcber \u00fcberwiegen, oder die Verarbeitung dient der Geltendmachung, Aus\u00fcbung oder Verteidigung von Rechtsanspr\u00fcchen.<\/p>\n<p>6. Beschwerderecht bei einer Aufsichtsbeh\u00f6rde<br \/>\nSie haben gem. Art. 77 DSGVO das Recht auf Beschwerde bei einer Aufsichtsbeh\u00f6rde, wenn Sie der Ansicht sind, dass die Verarbeitung der Sie betreffenden Daten gegen datenschutzrechtliche Bestimmungen verst\u00f6\u00dft. Das Beschwerderecht kann insbesondere bei einer Aufsichtsbeh\u00f6rde in dem Mitgliedstaat Ihres Aufenthaltsorts, Ihres Arbeitsplatzes oder des Orts des mutma\u00dflichen Versto\u00dfes geltend gemacht werden. In Bayern ist die zust\u00e4ndige Aufsichtsbeh\u00f6rde das Bayerisches Landesamt f\u00fcr Datenschutzaufsicht (BayLDA), Promenade 27, 91522 Ansbach.<\/p>\n<h3>Kontaktdaten des Datenschutzbeauftragten<\/h3>\n<p>Den Datenschutzbeauftragten der Firma Explicat Pharma GmbH erreichen Sie per Post unter der im Impressum genannten Anschrift, z. Hd. des Datenschutzbeauftragten Herrn Ulrich Waibel und per E-Mail an: contact [at] explicat . com<\/p>","protected":false},"excerpt":{"rendered":"<p>Wir freuen uns \u00fcber Ihren Besuch auf unserer Webseite. Da uns wichtig ist, dass Sie sich bei dem Besuch unserer Webseite sicher und wohl f\u00fchlen und der Schutz Ihrer Privatsph\u00e4re f\u00fcr uns einen hohen Stellenwert besitzt, m\u00f6chten wir Sie im Folgenden \u00fcber unsere Handhabung der Erhebung, Verwendung und Weitergabe von pers\u00f6nlichen Daten gem\u00e4\u00df Art. 13&#8230; <\/p>\n","protected":false},"author":1,"featured_media":0,"parent":0,"menu_order":0,"comment_status":"closed","ping_status":"closed","template":"full-width.php","meta":{"footnotes":""},"class_list":["post-613","page","type-page","status-publish","hentry"],"_links":{"self":[{"href":"https:\/\/explicat.biz\/de\/wp-json\/wp\/v2\/pages\/613","targetHints":{"allow":["GET"]}}],"collection":[{"href":"https:\/\/explicat.biz\/de\/wp-json\/wp\/v2\/pages"}],"about":[{"href":"https:\/\/explicat.biz\/de\/wp-json\/wp\/v2\/types\/page"}],"author":[{"embeddable":true,"href":"https:\/\/explicat.biz\/de\/wp-json\/wp\/v2\/users\/1"}],"replies":[{"embeddable":true,"href":"https:\/\/explicat.biz\/de\/wp-json\/wp\/v2\/comments?post=613"}],"version-history":[{"count":11,"href":"https:\/\/explicat.biz\/de\/wp-json\/wp\/v2\/pages\/613\/revisions"}],"predecessor-version":[{"id":744,"href":"https:\/\/explicat.biz\/de\/wp-json\/wp\/v2\/pages\/613\/revisions\/744"}],"wp:attachment":[{"href":"https:\/\/explicat.biz\/de\/wp-json\/wp\/v2\/media?parent=613"}],"curies":[{"name":"wp","href":"https:\/\/api.w.org\/{rel}","templated":true}]}}