{"id":36,"date":"2016-09-03T11:42:27","date_gmt":"2016-09-03T11:42:27","guid":{"rendered":"https:\/\/explicat.biz\/?page_id=36"},"modified":"2020-12-21T13:06:05","modified_gmt":"2020-12-21T13:06:05","slug":"about-us","status":"publish","type":"page","link":"https:\/\/explicat.biz\/de\/about-us","title":{"rendered":"\u00dcber uns"},"content":{"rendered":"<p>Explicat\u00ae Pharma GmbH, Ihr erfahrener Partner f\u00fcr Arzneimittel, Medizinprodukte, Nahrungserg\u00e4nzungsmittel und Kosmetik.<\/p>\n<p>Seit 2005 beraten und unterst\u00fctzen wir Sie bei Ihren Projekten.<\/p>\n<p><img loading=\"lazy\" decoding=\"async\" src=\"images\/team2020.jpg\" alt=\"Team\" width=\"1024\" height=\"850\" \/><\/p>","protected":false},"excerpt":{"rendered":"<p>Explicat\u00ae Pharma GmbH, Ihr erfahrener Partner f\u00fcr Arzneimittel, Medizinprodukte, Nahrungserg\u00e4nzungsmittel und Kosmetik. Seit 2005 beraten und unterst\u00fctzen wir Sie bei Ihren Projekten.<\/p>\n","protected":false},"author":1,"featured_media":0,"parent":0,"menu_order":0,"comment_status":"closed","ping_status":"closed","template":"full-width.php","meta":{"footnotes":""},"class_list":["post-36","page","type-page","status-publish","hentry"],"_links":{"self":[{"href":"https:\/\/explicat.biz\/de\/wp-json\/wp\/v2\/pages\/36","targetHints":{"allow":["GET"]}}],"collection":[{"href":"https:\/\/explicat.biz\/de\/wp-json\/wp\/v2\/pages"}],"about":[{"href":"https:\/\/explicat.biz\/de\/wp-json\/wp\/v2\/types\/page"}],"author":[{"embeddable":true,"href":"https:\/\/explicat.biz\/de\/wp-json\/wp\/v2\/users\/1"}],"replies":[{"embeddable":true,"href":"https:\/\/explicat.biz\/de\/wp-json\/wp\/v2\/comments?post=36"}],"version-history":[{"count":10,"href":"https:\/\/explicat.biz\/de\/wp-json\/wp\/v2\/pages\/36\/revisions"}],"predecessor-version":[{"id":879,"href":"https:\/\/explicat.biz\/de\/wp-json\/wp\/v2\/pages\/36\/revisions\/879"}],"wp:attachment":[{"href":"https:\/\/explicat.biz\/de\/wp-json\/wp\/v2\/media?parent=36"}],"curies":[{"name":"wp","href":"https:\/\/api.w.org\/{rel}","templated":true}]}}