{"id":32,"date":"2016-09-03T11:38:12","date_gmt":"2016-09-03T11:38:12","guid":{"rendered":"https:\/\/explicat.biz\/?page_id=32"},"modified":"2025-11-30T12:47:44","modified_gmt":"2025-11-30T11:47:44","slug":"our-team","status":"publish","type":"page","link":"https:\/\/explicat.biz\/de\/our-team","title":{"rendered":"Unser Team"},"content":{"rendered":"<p><\/p>\n<table border=\"0\" width=\"95%\" cellspacing=\"6\" cellpadding=\"6\">\n<tbody>\n<tr>\n<td valign=\"top\" width=\"10%\"><img loading=\"lazy\" decoding=\"async\" src=\"images\/andrea-weiland.jpg\" alt=\"Andrea Weiland\" width=\"65\" height=\"87\" \/><\/td>\n<td valign=\"top\" width=\"42%\" style=\"line-height: 1.4em; padding-bottom: 30px; padding-right: 20px;\"><strong>Dr. Andrea Weiland<\/strong><br \/>\n  Gesch\u00e4ftsf\u00fchrerin, Apothekerin<\/p>\n<p>\u2022 Dissertation In der pharmazeutischen Technologie (LMU M\u00fcnchen)<br \/>\n \u2022 CMC Projektmanagerin<br \/>\n \u2022 Referentin auf Fach-Seminaren zur pharmazeutischen Entwicklung &amp; GMP-bezogene Themen (Risikoanalyse, PAT)<br \/>\n \u2022 Pharmazeutische Qualit\u00e4t durch Design: &#8217;state-of-the-art&#8216; Produkt-und Prozessentwicklung<\/td>\n<td valign=\"top\" width=\"10%\"><img loading=\"lazy\" decoding=\"async\" src=\"images\/birgit-hettinger.jpg\" alt=\"Birgit Hettinger\" width=\"65\" height=\"87\" \/><\/td>\n<td valign=\"top\" width=\"38%\"><span style=\"line-height: 1.4em;\"><strong>Birgit Hettinger<\/strong><br \/>\nGesch\u00e4ftsf\u00fchrerin, Apothekerin<\/p>\n<p>\u2022 Expertin f\u00fcr physikalisch &#8211; chemische Charakterisierung von New Chemical Entities (NCE) und Durchf\u00fchrung von Preformulationstests<br \/>\n\u2022 CMC Projektmanagerin<br \/>\n\u2022 Umfangreiche Erfahrung als Apothekerin und Gesch\u00e4ftsf\u00fchrerin in verschiedenen Deutschen Apotheken<\/span><\/td>\n<\/tr>\n<tr>\n<td valign=\"top\" height=\"120\"><img loading=\"lazy\" decoding=\"async\" src=\"images\/ulrich-waibel.jpg\" alt=\"Ulrich Waibel\" width=\"65\" height=\"87\" \/><\/td>\n<td valign=\"top\" width=\"42%\" style=\"line-height: 1.4em; padding-bottom: 30px; padding-right: 20px;\"><strong>Ulrich Waibel<\/strong><br \/>\n  IT \/ CSV-Spezialist, Projektleiter, Maschinenbauingenieur<\/p>\n<p>  \u2022 erfahrener Projektingenieur f\u00fcr die Qualifizierung bestehender Ger\u00e4te und Anlagen<br \/>\n  \u2022 besonderer Fokus auf Datenintegrit\u00e4t<br \/>\n  \u2022 Gap-Analyse<br \/>\n  \u2022 Experte f\u00fcr die Entwicklung von Medizinprodukten<\/span><\/td>\n<td valign=\"top\"><img loading=\"lazy\" decoding=\"async\" src=\"images\/stefan-miklos.jpg\" alt=\"Stefan Miklos\" width=\"65\" height=\"87\" \/><\/td>\n<td valign=\"top\" style=\"line-height: 1.4em; padding-bottom: 30px; padding-right: 20px;\"><strong>Stefan Miklos<\/strong><br \/>\n  Personalmanager<\/p>\n<p>  \u2022 Systemischer Management Coach<br \/>\n  \u2022 Mediator \/ Wirtschaftsmediator<\/td>\n<\/tr>\n<tr>\n<td valign=\"top\" height=\"120\"><img loading=\"lazy\" decoding=\"async\" src=\"images\/hussayn-ahmed.jpg\" alt=\"Dr. Hussayn Ahmed\" width=\"65\" height=\"87\" \/><\/td>\n<td valign=\"top\" style=\"line-height: 1.4em; padding-bottom: 30px; padding-right: 20px;\"><strong>Dr. Hussayn Ahmed<\/strong><br \/>\n    CMC Projektmanager<\/p>\n<p>    \u2022 Analytische Methodenentwicklung und -validierung<br \/>\n    \u2022 Technisches und wissenschaftliches Schreiben regulatorischer Dokumente<br \/>\n<\/span><\/td>\n<td valign=\"top\" height=\"120\"><img loading=\"lazy\" decoding=\"async\" src=\"images\/daniela-staudacher.jpg\" alt=\"Daniela Staudacher\" width=\"65\" height=\"87\" \/><\/td>\n<td valign=\"top\"><span style=\"line-height: 1.4em; padding-bottom: 50px;\"><strong>Daniela Staudacher<\/strong><br \/>\n    CMC Projektmanagerin<\/p>\n<p>    \u2022 Analytische Methodenentwicklung und -validierung<br \/>\n    \u2022 Technisches und wissenschaftliches Schreiben regulatorischer Dokumente<br \/>\n<\/span><\/td>\n<\/tr>\n<tr>\n<td valign=\"top\" height=\"120\"><img loading=\"lazy\" decoding=\"async\" src=\"images\/claudia-miklos.jpg\" alt=\"Claudia Miklos\" width=\"65\" height=\"87\" \/><\/td>\n<td valign=\"top\" height=\"120\"><span style=\"line-height: 1.4em; padding-bottom: 50px;\"><strong>Claudia Miklos<\/strong><br \/>\n    Assistenz der Gesch\u00e4ftsf\u00fchrung<\/p>\n<p>    \u2022 Klinische Stationsleitung &amp; Mentorin<br \/>\n    \u2022 langj\u00e4hriges Projektmanagement<\/span><\/td>\n<td valign=\"top\" height=\"120\"><img loading=\"lazy\" decoding=\"async\" src=\"images\/kerstin-luc.jpg\" alt=\"Kerstin Luc\" width=\"65\" height=\"87\" \/><\/td>\n<td valign=\"top\" height=\"120\"><span style=\"line-height: 1.4em; padding-bottom: 50px;\"><strong>Kerstin Luc<\/strong><br \/>\n    Teamassistenz<\/p>\n<p>    \u2022 Projektassistenz<br \/>\n    \u2022 Laborantin<\/span><\/td>\n<\/tr>\n<tr>\n<td valign=\"top\" height=\"120\"><img loading=\"lazy\" decoding=\"async\" src=\"images\/melanie-osinski.jpg\" alt=\"Melanie Osinski\" width=\"65\" height=\"87\" \/><\/td>\n<td valign=\"top\" height=\"120\"><span style=\"line-height: 1.4em; padding-bottom: 50px;\"><strong>Melanie Osinski<\/strong><br \/>\n    Teamassistenz<\/p>\n<p>    \u2022 Studienassistenz<br \/>\n    \u2022 Wissenschaftliche Hintergrundsrecherchen<\/span><\/td>\n<td valign=\"top\" height=\"120\"><img loading=\"lazy\" decoding=\"async\" src=\"images\/apeke-adesola.jpg\" alt=\"Apeke Adesola\" width=\"65\" height=\"87\" \/><\/td>\n<td valign=\"top\" height=\"120\"><span style=\"line-height: 1.4em; padding-bottom: 50px;\"><strong>Apeke Adesola<\/strong><br \/>\n    Teamassistenz<\/p>\n<p>    \u2022 K\u00f6chin<br \/>\n    \u2022 Hauswirtschafterin<br \/>\n<\/span><\/td>\n<\/tr>\n<tr>\n<td valign=\"top\" height=\"120\"><img loading=\"lazy\" decoding=\"async\" src=\"images\/stefan-schoemer.jpg\" alt=\"Stefan Sch\u00f6mer\" width=\"65\" height=\"87\" \/><\/td>\n<td valign=\"top\" style=\"line-height: 1.4em; padding-bottom: 30px; padding-right: 20px;\"><strong>Dr. Stefan Sch\u00f6mer<\/strong><br \/>\n    Statistische Prozess Kontrolle<\/td>\n<td valign=\"top\" height=\"120\"><img loading=\"lazy\" decoding=\"async\" src=\"images\/wolfgang-kutscher.jpg\" alt=\"Wolfgang Kutscher\" width=\"65\" height=\"87\" \/><\/td>\n<td valign=\"top\" style=\"line-height: 1.4em; padding-bottom: 30px; padding-right: 20px;\"><strong>Wolfgang Kutscher<\/strong><br \/>\n    Zulassungsstratege <\/span><\/td>\n<\/tr>\n<tr>\n<td valign=\"top\" height=\"120\"><img loading=\"lazy\" decoding=\"async\" src=\"images\/jana-marsalkova.jpg\" alt=\"Jana Marsalkova\" width=\"65\" height=\"87\" \/><\/td>\n<td valign=\"top\"><span style=\"line-height: 1.4em; padding-bottom: 50px;\"><strong>Dr. Jana Marsalkova<\/strong><br \/>\n    QMS \/ Auditorin<\/span><\/td>\n<td valign=\"top\" height=\"120\"><\/td>\n<td valign=\"top\"><span style=\"line-height: 1.4em; padding-bottom: 50px;\"><\/p>\n<\/tr>\n<\/tbody>\n<\/table>\n<p><\/p>","protected":false},"excerpt":{"rendered":"<p>Dr. Andrea Weiland Gesch\u00e4ftsf\u00fchrerin, Apothekerin \u2022 Dissertation In der pharmazeutischen Technologie (LMU M\u00fcnchen) \u2022 CMC Projektmanagerin \u2022 Referentin auf Fach-Seminaren zur pharmazeutischen Entwicklung &amp; GMP-bezogene Themen (Risikoanalyse, PAT) \u2022 Pharmazeutische Qualit\u00e4t durch Design: &#8217;state-of-the-art&#8216; Produkt-und Prozessentwicklung Birgit Hettinger Gesch\u00e4ftsf\u00fchrerin, Apothekerin \u2022 Expertin f\u00fcr physikalisch &#8211; chemische Charakterisierung von New Chemical Entities (NCE) und Durchf\u00fchrung von&#8230; <\/p>\n","protected":false},"author":1,"featured_media":0,"parent":0,"menu_order":0,"comment_status":"closed","ping_status":"closed","template":"full-width.php","meta":{"footnotes":""},"class_list":["post-32","page","type-page","status-publish","hentry"],"_links":{"self":[{"href":"https:\/\/explicat.biz\/de\/wp-json\/wp\/v2\/pages\/32","targetHints":{"allow":["GET"]}}],"collection":[{"href":"https:\/\/explicat.biz\/de\/wp-json\/wp\/v2\/pages"}],"about":[{"href":"https:\/\/explicat.biz\/de\/wp-json\/wp\/v2\/types\/page"}],"author":[{"embeddable":true,"href":"https:\/\/explicat.biz\/de\/wp-json\/wp\/v2\/users\/1"}],"replies":[{"embeddable":true,"href":"https:\/\/explicat.biz\/de\/wp-json\/wp\/v2\/comments?post=32"}],"version-history":[{"count":274,"href":"https:\/\/explicat.biz\/de\/wp-json\/wp\/v2\/pages\/32\/revisions"}],"predecessor-version":[{"id":1349,"href":"https:\/\/explicat.biz\/de\/wp-json\/wp\/v2\/pages\/32\/revisions\/1349"}],"wp:attachment":[{"href":"https:\/\/explicat.biz\/de\/wp-json\/wp\/v2\/media?parent=32"}],"curies":[{"name":"wp","href":"https:\/\/api.w.org\/{rel}","templated":true}]}}