{"id":283,"date":"2016-09-18T08:10:49","date_gmt":"2016-09-18T08:10:49","guid":{"rendered":"https:\/\/explicat.biz\/?page_id=283"},"modified":"2020-07-03T13:00:54","modified_gmt":"2020-07-03T13:00:54","slug":"publications","status":"publish","type":"page","link":"https:\/\/explicat.biz\/de\/publications","title":{"rendered":"Ver\u00f6ffentlichungen"},"content":{"rendered":"<p><\/td>\n<\/tr>\n<\/table>\n<table id=\"zweispaltig\">\n<tr>\n<td width=\"50%\" style=\"vertical-align:top;\">\n<table width=\"100%\" id=\"puzzle\">\n<tr>\n<td width=\"110\" valign=\"top\"><a href=\"http:\/\/www.ecv.de\/Buecher\/Risikomanagement_in_der_Pharmaindustrie\" target=\"_blank\"><img loading=\"lazy\" decoding=\"async\" src=\"images\/titel-risikomanagement.jpg\" alt=\"Risikomanagement in der Pharmaindustrie\" width=\"95\" height=\"132\" border=\"0\" \/><\/a><\/td>\n<td>\n<p><strong>Risikomanagement in der Pharmaindustrie<\/strong><\/p>\n<p>ISBN: 978-3-87193-361-5<br \/>\n          Auflage\/Erscheinungsjahr: 2006<br \/>\n          Umfang: 215 Seiten<\/p>\n<p align=\"right\"><a href=\"http:\/\/www.blickinsbuch.de\/viewer\/cm\/access.php?Zmxhc2g9MSZ2MzE1Nj00MTAzMjkwMTEzJnY3Mzc2PTk3ODM4NzE5MzMzMjUmdGFyZ2V0X2lkPTImdjgzMTI9ZWRpdGlvX2NhbnRvciZ2OTM2OT10RnZvVHp0bFAx\" target=\"_blank\">lesen Sie mehr &gt;<\/a><br \/>\n          <a href=\"http:\/\/www.ecv.de\/Buecher\/Risikomanagement_in_der_Pharmaindustrie\" target=\"_blank\">jetzt kaufen &gt;<\/a><\/p>\n<\/td>\n<\/tr>\n<tr>\n<td colspan=\"2\">\n<p>Die aktuelle Ausgabe Risikomanagement in der Pharmaindustrie beschreibt praxisnah Grundlagen und Umsetzungsm\u00f6glichkeiten des Risikomanagements im<br \/>\n        pharmazeutischen Umfeld. Die entsprechenden regulatorischen Vorgaben werden erl\u00e4utert, und zahlreiche Fallbeispiele zeigen, wie sich die Vorgaben in der betrieblichen Praxis erfolgreich umsetzen lassen. Dar\u00fcber hinaus werden die M\u00f6glichkeiten des IT-gest\u00fctzten Risikomanagements beschrieben sowie eine Reihe von Risikomanagement-Tools vorgestellt und bewertet.<\/p>\n<\/td>\n<\/tr>\n<\/table>\n<hr align=\"center\" width=\"75%\" noshade=\"noshade\" \/>\n<p><strong>Modern Lyo Cycle Optimization<\/strong><\/p>\n<p>\u201cHot\u201d and \u201cCold\u201d Spot Determination by Wireless Real-Time Temperature Measurement as Process Analytical Technology (PAT) Tool.<\/p>\n<p><a href=\"docs\/modern-lyo-cycle-optimization.pdf\" title=\"Modern Lyo Cycle Optimization\" target=\"_blank\">read more &gt;<\/a><\/p>\n<hr align=\"center\" width=\"75%\" noshade=\"noshade\" \/>\n<p>See poster presentation during the annual meeting of the Pharmaceutical Society of Japan reflecting our cooperation with iQ-mobil regarding freeze-drying.<\/p>\n<p><a href=\"docs\/poster_japan_2013.pdf\" target=\"_blank\">download the poster here &gt;<\/a><\/p>\n<hr align=\"center\" width=\"75%\" noshade=\"noshade\" \/>\n<p>Artikel von Dr. Andrea Weiland-Waibel in der pharmind:<br \/>\n<strong>&#8222;Einsatz kabelloser Temperaturmessung in Entwicklung, Prozessvalidierung und Routineproduktion von Gefriertrocknungsprozessen&#8220;<\/strong><\/p>\n<p><a href=\"docs\/pharmind_wireless-temperature-measurement-in-lyo-process-development.pdf\" target=\"_blank\">lesen Sie mehr &gt;<\/a><\/p>\n<\/td>\n<td width=\"50%\" style=\"vertical-align:top;\">\n<table width=\"100%\" id=\"puzzle2\">\n<tr>\n<td width=\"110\" valign=\"top\"><a href=\"http:\/\/www.ecv.de\/Buecher\/Risk_Management_in_the_Pharmaceutical_Industry\" target=\"_blank\"><img loading=\"lazy\" decoding=\"async\" src=\"images\/titel-risk-management.jpg\" alt=\"Risikomanagement in der Pharmaindustrie\" width=\"95\" height=\"132\" border=\"0\" \/><\/a><\/td>\n<td>\n<p><strong>Risk Management in the Pharmaceutical Industry<\/strong><\/p>\n<p>ISBN: 978-3-87193-370-7<br \/>\n        1. Edition  2008<br \/>\n         168 Pages<\/p>\n<p align=\"right\"><a href=\"http:\/\/www.blickinsbuch.de\/viewer\/cm\/access.php?Zmxhc2g9MSZ2MzE1Nj00MTAzMjkwMTEzJnY3Mzc2PTk3ODM4NzE5MzM3MDcmdGFyZ2V0X2lkPTImdjgzMTI9ZWRpdGlvX2NhbnRvciZ2OTM2OT1PZE9yUGtHRkZa')\" target=\"_blank\">read more &gt;<\/a><br \/>\n        <a href=\"http:\/\/www.ecv.de\/Buecher\/Risk_Management_in_the_Pharmaceutical_Industry\" target=\"_blank\">buy now &gt;<\/a><\/p>\n<\/td>\n<\/tr>\n<tr>\n<td colspan=\"2\">\n<p>This present issue of GMP REPORT contains papers dealing with selected aspects of risk management concerning pharmaceutical enterprises. Methods and tools are described with the industry-specific environment of their use. But the topic is dealt with not only from the point of view of pharmaceutical companies and not only by authors thereof. One article comes from an authority representative and describes an example of risk-based inspections by authorities. Another specialised paper lets the reader learn about the use of electronic data processing tools, their advantages, limitations and impacts. This GMP REPORT will also illuminate some of the details and peculiarities arising from the real-life practice of risk management in the pharmaceutical industry, authorities, suppliers, consusltants, etc., often not clearly regulated by official documents. Here the reader can profit from the vast experience and knowledge of the authors.<\/p>\n<\/td>\n<\/tr>\n<\/table>\n<hr align=\"center\" width=\"75%\" noshade=\"noshade\" \/>\n<p><strong>ICP-OES Measurements<\/strong><\/p>\n<p>A recent example of our expertise has recently been <a href=\"https:\/\/www.ncbi.nlm.nih.gov\/pmc\/articles\/PMC3349029\/\" target=\"_blank\">published by Sandoz<\/a> where CBA did the ICP-OES measurements that were part of the root cause analysis of a cause of immunogenicity<\/p>\n<hr align=\"center\" width=\"75%\" noshade=\"noshade\" \/>\n<p><strong>Folgen Sie uns auch auf &#8230;<\/strong><\/p>\n<p><a href=\"https:\/\/www.researchgate.net\/profile\/Andrea_Weiland-Waibel\/publications\" target=\"_blank\">ResearchGate<\/a><\/p>\n<\/td>\n<\/tr>\n<\/table>\n<p><\/p>","protected":false},"excerpt":{"rendered":"<p>Risikomanagement in der Pharmaindustrie ISBN: 978-3-87193-361-5 Auflage\/Erscheinungsjahr: 2006 Umfang: 215 Seiten lesen Sie mehr &gt; jetzt kaufen &gt; Die aktuelle Ausgabe Risikomanagement in der Pharmaindustrie beschreibt praxisnah Grundlagen und Umsetzungsm\u00f6glichkeiten des Risikomanagements im pharmazeutischen Umfeld. Die entsprechenden regulatorischen Vorgaben werden erl\u00e4utert, und zahlreiche Fallbeispiele zeigen, wie sich die Vorgaben in der betrieblichen Praxis erfolgreich umsetzen&#8230; <\/p>\n","protected":false},"author":1,"featured_media":0,"parent":0,"menu_order":0,"comment_status":"closed","ping_status":"closed","template":"full-width.php","meta":{"footnotes":""},"class_list":["post-283","page","type-page","status-publish","hentry"],"_links":{"self":[{"href":"https:\/\/explicat.biz\/de\/wp-json\/wp\/v2\/pages\/283","targetHints":{"allow":["GET"]}}],"collection":[{"href":"https:\/\/explicat.biz\/de\/wp-json\/wp\/v2\/pages"}],"about":[{"href":"https:\/\/explicat.biz\/de\/wp-json\/wp\/v2\/types\/page"}],"author":[{"embeddable":true,"href":"https:\/\/explicat.biz\/de\/wp-json\/wp\/v2\/users\/1"}],"replies":[{"embeddable":true,"href":"https:\/\/explicat.biz\/de\/wp-json\/wp\/v2\/comments?post=283"}],"version-history":[{"count":54,"href":"https:\/\/explicat.biz\/de\/wp-json\/wp\/v2\/pages\/283\/revisions"}],"predecessor-version":[{"id":816,"href":"https:\/\/explicat.biz\/de\/wp-json\/wp\/v2\/pages\/283\/revisions\/816"}],"wp:attachment":[{"href":"https:\/\/explicat.biz\/de\/wp-json\/wp\/v2\/media?parent=283"}],"curies":[{"name":"wp","href":"https:\/\/api.w.org\/{rel}","templated":true}]}}