{"id":277,"date":"2016-09-17T15:48:16","date_gmt":"2016-09-17T15:48:16","guid":{"rendered":"https:\/\/explicat.biz\/?page_id=277"},"modified":"2017-02-15T18:49:39","modified_gmt":"2017-02-15T18:49:39","slug":"process-analytical-technology-pat","status":"publish","type":"page","link":"https:\/\/explicat.biz\/de\/process-analytical-technology-pat","title":{"rendered":"Process Analytical Technology"},"content":{"rendered":"<p><\/p>\n<table width=\"90%\" border=\"0\" cellspacing=\"0\" cellpadding=\"0\" style=\"background:url(images\/services-pat.jpg); background-position: 0px 20px; background-repeat: no-repeat;\" >\n<tr>\n<td width=\"45%\">&nbsp;<\/td>\n<td width=\"55%\">\n<p>Wollen Sie PAT \/ QbD Ans\u00e4tze einsetzen:<\/p>\n<ul>\n<li>bei eingef\u00fchrten Produkten zur Effizienzverbesserung (Z.B. durch real time Freigaben)?<\/li>\n<li>zur Verbesserung von Produkten?<\/li>\n<li>zur Entwicklung neuer Produkte (design Space)?<\/li>\n<\/ul>\n<p>Wir helfen Ihnen PAT zu implementieren und regulatorisch umzusetzen.<\/p>\n<p>Unser KnowHow:<\/p>\n<ul>\n<li>Erfahrung mit PAT Projekten z.B. bei Gefriertrocknung und Festformen<\/li>\n<li>Anwendung von risikobasierten PAT-Ans\u00e4tzen in der Entwicklung, um das Prozessverst\u00e4ndnis zu vervollst\u00e4ndigen<\/li>\n<\/ul>\n<\/td>\n<\/tr>\n<\/table>\n<p><\/p>","protected":false},"excerpt":{"rendered":"<p>&nbsp; Wollen Sie PAT \/ QbD Ans\u00e4tze einsetzen: bei eingef\u00fchrten Produkten zur Effizienzverbesserung (Z.B. durch real time Freigaben)? zur Verbesserung von Produkten? zur Entwicklung neuer Produkte (design Space)? Wir helfen Ihnen PAT zu implementieren und regulatorisch umzusetzen. Unser KnowHow: Erfahrung mit PAT Projekten z.B. bei Gefriertrocknung und Festformen Anwendung von risikobasierten PAT-Ans\u00e4tzen in der Entwicklung,&#8230; <\/p>\n","protected":false},"author":1,"featured_media":0,"parent":0,"menu_order":0,"comment_status":"closed","ping_status":"closed","template":"full-width.php","meta":{"footnotes":""},"class_list":["post-277","page","type-page","status-publish","hentry"],"_links":{"self":[{"href":"https:\/\/explicat.biz\/de\/wp-json\/wp\/v2\/pages\/277","targetHints":{"allow":["GET"]}}],"collection":[{"href":"https:\/\/explicat.biz\/de\/wp-json\/wp\/v2\/pages"}],"about":[{"href":"https:\/\/explicat.biz\/de\/wp-json\/wp\/v2\/types\/page"}],"author":[{"embeddable":true,"href":"https:\/\/explicat.biz\/de\/wp-json\/wp\/v2\/users\/1"}],"replies":[{"embeddable":true,"href":"https:\/\/explicat.biz\/de\/wp-json\/wp\/v2\/comments?post=277"}],"version-history":[{"count":8,"href":"https:\/\/explicat.biz\/de\/wp-json\/wp\/v2\/pages\/277\/revisions"}],"predecessor-version":[{"id":436,"href":"https:\/\/explicat.biz\/de\/wp-json\/wp\/v2\/pages\/277\/revisions\/436"}],"wp:attachment":[{"href":"https:\/\/explicat.biz\/de\/wp-json\/wp\/v2\/media?parent=277"}],"curies":[{"name":"wp","href":"https:\/\/api.w.org\/{rel}","templated":true}]}}