{"id":263,"date":"2016-09-17T15:32:55","date_gmt":"2016-09-17T15:32:55","guid":{"rendered":"https:\/\/explicat.biz\/?page_id=263"},"modified":"2017-07-11T13:01:52","modified_gmt":"2017-07-11T13:01:52","slug":"technical-due-diligence","status":"publish","type":"page","link":"https:\/\/explicat.biz\/de\/technical-due-diligence","title":{"rendered":"Technische Due Diligence"},"content":{"rendered":"<p><\/p>\n<table width=\"90%\" border=\"0\" cellspacing=\"0\" cellpadding=\"0\" style=\"background:url(images\/services-tdda.jpg); background-position: 0px 20px; background-repeat: no-repeat;\" >\n<tr>\n<td width=\"45%\">&nbsp;<\/td>\n<td width=\"55%\">\n<p>Unser Service f\u00fcr Firmen:<\/p>\n<ul>\n<li>die ein Produkt kaufen<\/li>\n<li>ein Produkt ein lizenzieren<\/li>\n<li>eine neue Technologie \/ Verfahrenstechnik lizenzieren oder kaufen wollen<\/li>\n<li>eine Sparte oder einen Bereich kaufen wollen<\/li>\n<li>eine Firma \u00fcbernehmen m\u00f6chten<\/li>\n<\/ul>\n<p><\/p>\n<p>Unser Service umfasst die technische Due Diligence f\u00fcr Produkte in der Entwicklung oder zugelassene Produkte als auch bez\u00fcglich Einlizenzierungen, Fusions- und \u00dcbernahmeaktivit\u00e4ten.<br \/>\nUnser Team aus erfahrenen Experten verschiedener Disziplinen steht Ihnen zur Verf\u00fcgung um die verschiedenen komplexen technischen Fragestellungen abzubilden.\n<\/p>\n<\/td>\n<\/tr>\n<\/table>\n<p><\/p>","protected":false},"excerpt":{"rendered":"<p>&nbsp; Unser Service f\u00fcr Firmen: die ein Produkt kaufen ein Produkt ein lizenzieren eine neue Technologie \/ Verfahrenstechnik lizenzieren oder kaufen wollen eine Sparte oder einen Bereich kaufen wollen eine Firma \u00fcbernehmen m\u00f6chten Unser Service umfasst die technische Due Diligence f\u00fcr Produkte in der Entwicklung oder zugelassene Produkte als auch bez\u00fcglich Einlizenzierungen, Fusions- und \u00dcbernahmeaktivit\u00e4ten&#8230;. <\/p>\n","protected":false},"author":1,"featured_media":0,"parent":0,"menu_order":0,"comment_status":"closed","ping_status":"closed","template":"full-width.php","meta":{"footnotes":""},"class_list":["post-263","page","type-page","status-publish","hentry"],"_links":{"self":[{"href":"https:\/\/explicat.biz\/de\/wp-json\/wp\/v2\/pages\/263","targetHints":{"allow":["GET"]}}],"collection":[{"href":"https:\/\/explicat.biz\/de\/wp-json\/wp\/v2\/pages"}],"about":[{"href":"https:\/\/explicat.biz\/de\/wp-json\/wp\/v2\/types\/page"}],"author":[{"embeddable":true,"href":"https:\/\/explicat.biz\/de\/wp-json\/wp\/v2\/users\/1"}],"replies":[{"embeddable":true,"href":"https:\/\/explicat.biz\/de\/wp-json\/wp\/v2\/comments?post=263"}],"version-history":[{"count":8,"href":"https:\/\/explicat.biz\/de\/wp-json\/wp\/v2\/pages\/263\/revisions"}],"predecessor-version":[{"id":514,"href":"https:\/\/explicat.biz\/de\/wp-json\/wp\/v2\/pages\/263\/revisions\/514"}],"wp:attachment":[{"href":"https:\/\/explicat.biz\/de\/wp-json\/wp\/v2\/media?parent=263"}],"curies":[{"name":"wp","href":"https:\/\/api.w.org\/{rel}","templated":true}]}}