{"id":257,"date":"2016-09-17T15:18:57","date_gmt":"2016-09-17T15:18:57","guid":{"rendered":"https:\/\/explicat.biz\/?page_id=257"},"modified":"2020-12-21T13:03:10","modified_gmt":"2020-12-21T13:03:10","slug":"pharmaceutical-development","status":"publish","type":"page","link":"https:\/\/explicat.biz\/de\/pharmaceutical-development","title":{"rendered":"Pharmazeutische Entwicklung"},"content":{"rendered":"<p><script src=\"scripts\/AC_RunActiveContent.js\" type=\"text\/javascript\"><\/script><\/p>\n<table style=\"background: url('images\/services-phd.jpg'); background-position: 0px 20px; background-repeat: no-repeat;\" border=\"0\" width=\"90%\" cellspacing=\"0\" cellpadding=\"0\">\n<tbody>\n<tr>\n<td width=\"45%\"><\/td>\n<td width=\"55%\">Lassen Sie uns Ihre Forschung und Entwicklung verbessern: Unsere spezielle Expertise liegt in der intelligenten Planung, der Konzepterstellung und der Durchf\u00fchrung von Entwicklungsprogrammen, die Ihren Wirkstoff perfekt aufbereitet an den Wirkort bringen.<\/p>\n<p>Wir k\u00f6nnen f\u00fcr Sie Konzepte durchf\u00fchren, die ein fr\u00fches \u201eProof of Concept\u201c erlauben und Ihnen dadurch alle M\u00f6glichkeiten zur Auslizenzierung und Marktpositionierung geben. Dadurch erh\u00f6ht sich der Wert Ihres Produktes.<\/p>\n<p>Schnellere Entwicklung mit Explicat\u00ae.<\/p>\n<p style=\"text-align: center;\"><script type=\"text\/javascript\">\nAC_FL_RunContent( 'codebase','http:\/\/download.macromedia.com\/pub\/shockwave\/cabs\/flash\/swflash.cab#version=9,0,28,0','width','350','height','200','title','Faster to Market','src','images\/explicat','quality','high','pluginspage','http:\/\/www.adobe.com\/shockwave\/download\/download.cgi?P1_Prod_Version=ShockwaveFlash','movie','images\/explicat' ); \/\/end AC code\n<\/script><noscript><object classid=\"clsid:D27CDB6E-AE6D-11cf-96B8-444553540000\" codebase=\"http:\/\/download.macromedia.com\/pub\/shockwave\/cabs\/flash\/swflash.cab#version=9,0,28,0\" width=\"350\" height=\"200\" title=\"Faster to Market\"><param name=\"movie\" value=\"images\/explicat.swf\"><param name=\"quality\" value=\"high\"><embed src=\"images\/explicat.swf\" quality=\"high\" pluginspage=\"http:\/\/www.adobe.com\/shockwave\/download\/download.cgi?P1_Prod_Version=ShockwaveFlash\" type=\"application\/x-shockwave-flash\" width=\"350\" height=\"200\"><\/embed><\/object><\/noscript><\/p>\n<\/td>\n<\/tr>\n<\/tbody>\n<\/table>\n<p><\/p>","protected":false},"excerpt":{"rendered":"<p>Lassen Sie uns Ihre Forschung und Entwicklung verbessern: Unsere spezielle Expertise liegt in der intelligenten Planung, der Konzepterstellung und der Durchf\u00fchrung von Entwicklungsprogrammen, die Ihren Wirkstoff perfekt aufbereitet an den Wirkort bringen. Wir k\u00f6nnen f\u00fcr Sie Konzepte durchf\u00fchren, die ein fr\u00fches \u201eProof of Concept\u201c erlauben und Ihnen dadurch alle M\u00f6glichkeiten zur Auslizenzierung und Marktpositionierung geben&#8230;. <\/p>\n","protected":false},"author":1,"featured_media":0,"parent":0,"menu_order":0,"comment_status":"closed","ping_status":"closed","template":"full-width.php","meta":{"footnotes":""},"class_list":["post-257","page","type-page","status-publish","hentry"],"_links":{"self":[{"href":"https:\/\/explicat.biz\/de\/wp-json\/wp\/v2\/pages\/257","targetHints":{"allow":["GET"]}}],"collection":[{"href":"https:\/\/explicat.biz\/de\/wp-json\/wp\/v2\/pages"}],"about":[{"href":"https:\/\/explicat.biz\/de\/wp-json\/wp\/v2\/types\/page"}],"author":[{"embeddable":true,"href":"https:\/\/explicat.biz\/de\/wp-json\/wp\/v2\/users\/1"}],"replies":[{"embeddable":true,"href":"https:\/\/explicat.biz\/de\/wp-json\/wp\/v2\/comments?post=257"}],"version-history":[{"count":11,"href":"https:\/\/explicat.biz\/de\/wp-json\/wp\/v2\/pages\/257\/revisions"}],"predecessor-version":[{"id":877,"href":"https:\/\/explicat.biz\/de\/wp-json\/wp\/v2\/pages\/257\/revisions\/877"}],"wp:attachment":[{"href":"https:\/\/explicat.biz\/de\/wp-json\/wp\/v2\/media?parent=257"}],"curies":[{"name":"wp","href":"https:\/\/api.w.org\/{rel}","templated":true}]}}