{"id":231,"date":"2016-09-17T12:33:27","date_gmt":"2016-09-17T12:33:27","guid":{"rendered":"https:\/\/explicat.biz\/?page_id=231"},"modified":"2026-01-15T18:05:10","modified_gmt":"2026-01-15T17:05:10","slug":"explicat-events","status":"publish","type":"page","link":"https:\/\/explicat.biz\/de\/explicat-events","title":{"rendered":"Events"},"content":{"rendered":"<p><\/p>\n<div class=\"one_third\">Seminar<\/p>\n<p><strong>Combination Products<\/strong><br \/>\nMedicinal Products\/Drugs meet Medical Devices<\/br><\/p>\n<p>10.\/11. Februar 2026<br \/>\nHeidelberg<\/p>\n<p><a href=\"https:\/\/www.gmp-navigator.com\/seminare\/gmp-seminar-konferenz\/combination-products\" target=\"_blank\" rel=\"noopener noreferrer\">Weitere Informationen<\/a>\n<\/div>\n<div class=\"one_third\">Online-Seminar<\/p>\n<p><strong>GMP f\u00fcr Medizinprodukte<\/strong><br \/>\n(QVM 1)<\/br><\/p>\n<p>3. &#8211; 5. M\u00e4rz 2026<br \/>\nOnline<\/p>\n<p><a href=\"https:\/\/www.gmp-navigator.com\/seminare\/gmp-seminar-konferenz\/iso-13485-anforderungen-an-medizinprodukte\" target=\"_blank\" rel=\"noopener noreferrer\">Weitere Informationen<\/a>\n<\/div>\n<div class=\"one_third last_column\">Online-Seminar<\/p>\n<p><strong>GMP f\u00fcr Medizinprodukte<\/strong><br \/>\nICH Q9<\/br><\/p>\n<p>23. April 2026<br \/>\nOnline<\/p>\n<p><a href=\"https:\/\/www.gmp-navigator.com\/seminare\/gmp-seminar-konferenz\/ich-q9-kurs-risikoanalysen-in-der-praxis\" target=\"_blank\" rel=\"noopener noreferrer\">Weitere Informationen<\/a>\n<\/div>\n<hr \/>\n<div class=\"one_third\">Seminar<\/p>\n<p><strong>4th Freeze-Drying Technology Summit<\/strong><\/br><\/p>\n<p>28.\/29. April 2026<br \/>\nM\u00fcnchen<\/p>\n<p><a href=\"https:\/\/www.vonlanthenevents.com\/en\/4th-freeze-drying-technology-summit\" target=\"_blank\" rel=\"noopener noreferrer\">Weitere Informationen<\/a>\n<\/div>\n<div class=\"one_third\">Messe<\/p>\n<p><strong>CPHI 2026<\/strong><\/br><\/p>\n<p>5. &#8211; 8. Oktober 2026<br \/>\nMailand \/ Italien<\/p>\n<p><a href=\"https:\/\/www.cphi.com\/europe\/en\/home.html\" target=\"_blank\" rel=\"noopener noreferrer\">Weitere Informationen<\/a><\/div>\n<div class=\"one_third last_column\"><\/div>\n<p><\/p>","protected":false},"excerpt":{"rendered":"<p>Seminar Combination Products Medicinal Products\/Drugs meet Medical Devices 10.\/11. Februar 2026 Heidelberg Weitere Informationen Online-Seminar GMP f\u00fcr Medizinprodukte (QVM 1) 3. &#8211; 5. M\u00e4rz 2026 Online Weitere Informationen Online-Seminar GMP f\u00fcr Medizinprodukte ICH Q9 23. April 2026 Online Weitere Informationen Seminar 4th Freeze-Drying Technology Summit 28.\/29. April 2026 M\u00fcnchen Weitere Informationen Messe CPHI 2026 5&#8230;. <\/p>\n","protected":false},"author":1,"featured_media":0,"parent":0,"menu_order":0,"comment_status":"closed","ping_status":"closed","template":"full-width.php","meta":{"footnotes":""},"class_list":["post-231","page","type-page","status-publish","hentry"],"_links":{"self":[{"href":"https:\/\/explicat.biz\/de\/wp-json\/wp\/v2\/pages\/231","targetHints":{"allow":["GET"]}}],"collection":[{"href":"https:\/\/explicat.biz\/de\/wp-json\/wp\/v2\/pages"}],"about":[{"href":"https:\/\/explicat.biz\/de\/wp-json\/wp\/v2\/types\/page"}],"author":[{"embeddable":true,"href":"https:\/\/explicat.biz\/de\/wp-json\/wp\/v2\/users\/1"}],"replies":[{"embeddable":true,"href":"https:\/\/explicat.biz\/de\/wp-json\/wp\/v2\/comments?post=231"}],"version-history":[{"count":323,"href":"https:\/\/explicat.biz\/de\/wp-json\/wp\/v2\/pages\/231\/revisions"}],"predecessor-version":[{"id":1384,"href":"https:\/\/explicat.biz\/de\/wp-json\/wp\/v2\/pages\/231\/revisions\/1384"}],"wp:attachment":[{"href":"https:\/\/explicat.biz\/de\/wp-json\/wp\/v2\/media?parent=231"}],"curies":[{"name":"wp","href":"https:\/\/api.w.org\/{rel}","templated":true}]}}