{"id":1346,"date":"2025-11-04T07:52:24","date_gmt":"2025-11-04T06:52:24","guid":{"rendered":"https:\/\/explicat.biz\/?page_id=1346"},"modified":"2025-11-04T07:52:24","modified_gmt":"2025-11-04T06:52:24","slug":"deutsch-gender-hinweis-fuer-die-website-explicat-pharma-gmbh","status":"publish","type":"page","link":"https:\/\/explicat.biz\/de\/deutsch-gender-hinweis-fuer-die-website-explicat-pharma-gmbh","title":{"rendered":"Gender-Hinweis f\u00fcr die Website Explicat\u00ae Pharma GmbH"},"content":{"rendered":"<p>Aus Gr\u00fcnden der besseren Lesbarkeit wird auf dieser Website teilweise noch die m\u00e4nnliche Sprachform (generisches Maskulinum) verwendet. S\u00e4mtliche Personenbezeichnungen gelten im Sinne der Gleichbehandlung grunds\u00e4tzlich f\u00fcr alle Geschlechter. So sollen sich alle Gender von den Inhalten und Angeboten unserer Website gleicherma\u00dfen angesprochen f\u00fchlen. Die verk\u00fcrzte Sprachform hat ausschlie\u00dflich redaktionelle Gr\u00fcnde und beinhaltet keinerlei Wertung.<br \/>\nWir m\u00f6chten ausdr\u00fccklich betonen, dass sich unser Unternehmen von jeder Art der Diskriminierung distanziert. Sofern Sie sich durch Inhalte dieser Website benachteiligt f\u00fchlen, m\u00f6chten wir Sie dazu einladen mit uns Kontakt aufzunehmen, indem Sie uns eine Nachricht unter contact [at] explicat . com senden.<\/p>","protected":false},"excerpt":{"rendered":"<p>Aus Gr\u00fcnden der besseren Lesbarkeit wird auf dieser Website teilweise noch die m\u00e4nnliche Sprachform (generisches Maskulinum) verwendet. S\u00e4mtliche Personenbezeichnungen gelten im Sinne der Gleichbehandlung grunds\u00e4tzlich f\u00fcr alle Geschlechter. So sollen sich alle Gender von den Inhalten und Angeboten unserer Website gleicherma\u00dfen angesprochen f\u00fchlen. Die verk\u00fcrzte Sprachform hat ausschlie\u00dflich redaktionelle Gr\u00fcnde und beinhaltet keinerlei Wertung. Wir&#8230; <\/p>\n","protected":false},"author":1,"featured_media":0,"parent":0,"menu_order":0,"comment_status":"closed","ping_status":"closed","template":"full-width.php","meta":{"footnotes":""},"class_list":["post-1346","page","type-page","status-publish","hentry"],"_links":{"self":[{"href":"https:\/\/explicat.biz\/de\/wp-json\/wp\/v2\/pages\/1346","targetHints":{"allow":["GET"]}}],"collection":[{"href":"https:\/\/explicat.biz\/de\/wp-json\/wp\/v2\/pages"}],"about":[{"href":"https:\/\/explicat.biz\/de\/wp-json\/wp\/v2\/types\/page"}],"author":[{"embeddable":true,"href":"https:\/\/explicat.biz\/de\/wp-json\/wp\/v2\/users\/1"}],"replies":[{"embeddable":true,"href":"https:\/\/explicat.biz\/de\/wp-json\/wp\/v2\/comments?post=1346"}],"version-history":[{"count":1,"href":"https:\/\/explicat.biz\/de\/wp-json\/wp\/v2\/pages\/1346\/revisions"}],"predecessor-version":[{"id":1347,"href":"https:\/\/explicat.biz\/de\/wp-json\/wp\/v2\/pages\/1346\/revisions\/1347"}],"wp:attachment":[{"href":"https:\/\/explicat.biz\/de\/wp-json\/wp\/v2\/media?parent=1346"}],"curies":[{"name":"wp","href":"https:\/\/api.w.org\/{rel}","templated":true}]}}