{"id":1225,"date":"2025-03-14T06:41:14","date_gmt":"2025-03-14T05:41:14","guid":{"rendered":"https:\/\/explicat.biz\/?page_id=1225"},"modified":"2025-03-15T13:10:18","modified_gmt":"2025-03-15T12:10:18","slug":"cphi-and-other-events","status":"publish","type":"page","link":"https:\/\/explicat.biz\/de\/cphi-and-other-events","title":{"rendered":"CPHI und andere Veranstaltungen"},"content":{"rendered":"<p>Der beste Weg, uns auf der CPHI oder anderen Veranstaltungen zu treffen ist, dass Sie vorher mit uns Kontakt aufnehmen. Dann k\u00f6nnen wir uns individuell Zeit f\u00fcr Sie nehmen.<\/p>\n<p>\u00dcbrigens, auf der diesj\u00e4hrigen <a href=\"https:\/\/www.cphi.com\/europe\/en\/home.html\" target=\"_blank\" rel=\"noopener\">CPHI in Frankfurt<\/a> finden Sie uns auch!<\/p>\n<p><a href=\"https:\/\/explicat.biz\/wp-content\/uploads\/2025\/03\/Screenshot-2025-03-15-060424.png\"><img loading=\"lazy\" decoding=\"async\" class=\"alignnone size-medium wp-image-1297\" src=\"https:\/\/explicat.biz\/wp-content\/uploads\/2025\/03\/Screenshot-2025-03-15-060424-300x172.png\" alt=\"\" width=\"300\" height=\"172\" srcset=\"https:\/\/explicat.biz\/wp-content\/uploads\/2025\/03\/Screenshot-2025-03-15-060424-300x172.png 300w, https:\/\/explicat.biz\/wp-content\/uploads\/2025\/03\/Screenshot-2025-03-15-060424-1024x589.png 1024w, https:\/\/explicat.biz\/wp-content\/uploads\/2025\/03\/Screenshot-2025-03-15-060424-768x442.png 768w, https:\/\/explicat.biz\/wp-content\/uploads\/2025\/03\/Screenshot-2025-03-15-060424.png 1529w\" sizes=\"auto, (max-width: 300px) 100vw, 300px\" \/><\/a><br \/>\n<br \/>&nbsp;<\/p>\n<h4>Wie k\u00f6nnen wir Ihnen helfen?<\/h4>\n<p><div class=\"forminator-ui forminator-custom-form forminator-custom-form-1251 forminator-design--default  forminator_ajax\" data-forminator-render=\"1\" data-form=\"forminator-module-1251\" data-uid=\"69de2e7502c71\"><br\/><\/div><form\n\t\t\t\tid=\"forminator-module-1251\"\n\t\t\t\tclass=\"forminator-ui forminator-custom-form forminator-custom-form-1251 forminator-design--default  forminator_ajax\"\n\t\t\t\tmethod=\"post\"\n\t\t\t\tdata-forminator-render=\"1\"\n\t\t\t\tdata-form-id=\"1251\"\n\t\t\t\t data-color-option=\"default\" data-design=\"default\" data-grid=\"open\" style=\"display: none;\"\n\t\t\t\tdata-uid=\"69de2e7502c71\"\n\t\t\t><div role=\"alert\" aria-live=\"polite\" class=\"forminator-response-message forminator-error\" aria-hidden=\"true\"><\/div><div class=\"forminator-row\"><div id=\"text-1\" class=\"forminator-field-text forminator-col forminator-col-12 \"><div class=\"forminator-field\"><label for=\"forminator-field-text-1_69de2e7502c71\" id=\"forminator-field-text-1_69de2e7502c71-label\" class=\"forminator-label\">Ihr Name (Pflichtfeld) <span class=\"forminator-required\">*<\/span><\/label><input type=\"text\" name=\"text-1\" value=\"\" placeholder=\"\" id=\"forminator-field-text-1_69de2e7502c71\" class=\"forminator-input forminator-name--field\" data-required=\"1\" \/><\/div><\/div><\/div><div class=\"forminator-row\"><div id=\"email-1\" class=\"forminator-field-email forminator-col forminator-col-12 \"><div class=\"forminator-field\"><label for=\"forminator-field-email-1_69de2e7502c71\" id=\"forminator-field-email-1_69de2e7502c71-label\" class=\"forminator-label\">Ihre E-Mail-Adresse (Pflichtfeld) <span class=\"forminator-required\">*<\/span><\/label><input type=\"email\" name=\"email-1\" value=\"\" placeholder=\"\" id=\"forminator-field-email-1_69de2e7502c71\" class=\"forminator-input forminator-email--field\" data-required=\"1\" aria-required=\"true\" autocomplete=\"email\" \/><\/div><\/div><\/div><div class=\"forminator-row\"><div id=\"select-1\" class=\"forminator-field-select forminator-col forminator-col-12 \"><div class=\"forminator-field\"><label for=\"forminator-form-1251__field--select-1_69de2e7502c71\" id=\"forminator-form-1251__field--select-1_69de2e7502c71-label\" class=\"forminator-label\">Ihr Anliegen<\/label><select  id=\"forminator-form-1251__field--select-1_69de2e7502c71\" class=\"forminator-select--field forminator-select2 forminator-select2-multiple\" data-required=\"\" name=\"select-1\" data-default-value=\"\" data-hidden-behavior=\"zero\" data-placeholder=\"\" data-search=\"false\" data-search-placeholder=\"\" data-checkbox=\"false\" data-allow-clear=\"false\" aria-labelledby=\"forminator-form-1251__field--select-1_69de2e7502c71-label\"><option value=\"(English) ]:de]...-Bitte-treffen-Sie-eine-AuswahlPlease-choode-an-option\"  data-calculation=\"0\">Bitte treffen Sie eine Auswahl ...<\/option><option value=\"one\"  data-calculation=\"0\">Projektanfrage<\/option><option value=\"two\"  data-calculation=\"0\">Anfrage Meeting<\/option><option value=\"Firmenvorstellung\"  data-calculation=\"0\">Firmenvorstellung<\/option><option value=\"Sonstiges\"  data-calculation=\"0\">Sonstiges<\/option><\/select><\/div><\/div><\/div><div class=\"forminator-row\"><div id=\"textarea-1\" class=\"forminator-field-textarea forminator-col forminator-col-12 \"><div class=\"forminator-field\"><label for=\"forminator-field-textarea-1_69de2e7502c71\" id=\"forminator-field-textarea-1_69de2e7502c71-label\" class=\"forminator-label\">Ihre Nachricht an uns<\/label><textarea name=\"textarea-1\" placeholder=\"\" id=\"forminator-field-textarea-1_69de2e7502c71\" class=\"forminator-textarea\" rows=\"6\" style=\"min-height:140px;\" ><\/textarea><\/div><\/div><\/div><div class=\"forminator-row\"><div id=\"captcha-1\" class=\"forminator-field-captcha forminator-col forminator-col-12 \"><div class=\"forminator-captcha-left forminator-g-recaptcha\" data-theme=\"light\"  data-sitekey=\"\" data-size=\"normal\"><\/div> <\/div><\/div><input type=\"hidden\" name=\"referer_url\" value=\"\" \/><div class=\"forminator-row forminator-row-last\"><div class=\"forminator-col\"><div class=\"forminator-field\"><button class=\"forminator-button forminator-button-submit\">Senden<\/button><\/div><\/div><\/div><input type=\"hidden\" id=\"forminator_nonce\" name=\"forminator_nonce\" value=\"0d46b6cb8c\" \/><input type=\"hidden\" name=\"_wp_http_referer\" value=\"\/de\/wp-json\/wp\/v2\/pages\/1225\" \/><input type=\"hidden\" name=\"form_id\" value=\"1251\"><input type=\"hidden\" name=\"page_id\" value=\"1225\"><input type=\"hidden\" name=\"form_type\" value=\"default\"><input type=\"hidden\" name=\"current_url\" value=\"https:\/\/explicat.biz\/de\/cphi-and-other-events\"><input type=\"hidden\" name=\"render_id\" value=\"1\"><input type=\"hidden\" name=\"action\" value=\"forminator_submit_form_custom-forms\"><\/form><\/p>","protected":false},"excerpt":{"rendered":"<p>Der beste Weg, uns auf der CPHI oder anderen Veranstaltungen zu treffen ist, dass Sie vorher mit uns Kontakt aufnehmen. Dann k\u00f6nnen wir uns individuell Zeit f\u00fcr Sie nehmen. \u00dcbrigens, auf der diesj\u00e4hrigen CPHI in Frankfurt finden Sie uns auch! &nbsp; Wie k\u00f6nnen wir Ihnen helfen?<\/p>\n","protected":false},"author":1,"featured_media":0,"parent":0,"menu_order":0,"comment_status":"closed","ping_status":"closed","template":"","meta":{"footnotes":""},"class_list":["post-1225","page","type-page","status-publish","hentry"],"_links":{"self":[{"href":"https:\/\/explicat.biz\/de\/wp-json\/wp\/v2\/pages\/1225","targetHints":{"allow":["GET"]}}],"collection":[{"href":"https:\/\/explicat.biz\/de\/wp-json\/wp\/v2\/pages"}],"about":[{"href":"https:\/\/explicat.biz\/de\/wp-json\/wp\/v2\/types\/page"}],"author":[{"embeddable":true,"href":"https:\/\/explicat.biz\/de\/wp-json\/wp\/v2\/users\/1"}],"replies":[{"embeddable":true,"href":"https:\/\/explicat.biz\/de\/wp-json\/wp\/v2\/comments?post=1225"}],"version-history":[{"count":27,"href":"https:\/\/explicat.biz\/de\/wp-json\/wp\/v2\/pages\/1225\/revisions"}],"predecessor-version":[{"id":1315,"href":"https:\/\/explicat.biz\/de\/wp-json\/wp\/v2\/pages\/1225\/revisions\/1315"}],"wp:attachment":[{"href":"https:\/\/explicat.biz\/de\/wp-json\/wp\/v2\/media?parent=1225"}],"curies":[{"name":"wp","href":"https:\/\/api.w.org\/{rel}","templated":true}]}}