{"id":116,"date":"2016-09-16T09:12:02","date_gmt":"2016-09-16T09:12:02","guid":{"rendered":"https:\/\/explicat.biz\/?page_id=116"},"modified":"2017-02-11T09:04:38","modified_gmt":"2017-02-11T09:04:38","slug":"medical-device-development","status":"publish","type":"page","link":"https:\/\/explicat.biz\/de\/medical-device-development","title":{"rendered":"Entwicklung von Medizin- und Kombinationsprodukten"},"content":{"rendered":"<p><\/p>\n<table width=\"90%\" border=\"0\" cellspacing=\"0\" cellpadding=\"0\" style=\"background:url(images\/services-md.jpg); background-position: 0px 20px; background-repeat: no-repeat;\" >\n<tr>\n<td width=\"45%\">&nbsp;<\/td>\n<td width=\"55%\">\n<p>Planen Sie die Entwicklung eines Medizinproduktes oder eines kombinierten Medizinproduktes mit Arzneistoffanteil, z.B. ein Klasse III Implantat mit einem Arzneistoff?<\/p>\n<p>Unsere Experten vereinen Erfahrungen aus der pharmazeutischen und klinischen Entwicklung mit der Medizinproduktewelt. Dadurch wird bereits in der Planungsphase eine rationale Konzepterstellung erm\u00f6glicht, die gleicherma\u00dfen die Anforderungen aus dem Konformit\u00e4tsbewertungsverfahren der benannten Stelle und dem Konsultationsverfahren der beteiligten Arzneimittelzulassungsbeh\u00f6rde adressiert.<\/p>\n<p>Durch das fr\u00fche rationale Design k\u00f6nnen Themenbereiche, die f\u00fcr beide Verfahren erforderlich sind, modular erarbeitet werden und damit synergistisch eingesetzt werden. Dies f\u00fchrt zu Kosten und Zeitersparnis, die Module sind auch f\u00fcr entsprechende Verfahren in au\u00dfereurop\u00e4ischen M\u00e4rkten verwendbar.<\/p>\n<table width=\"100%\" border=\"0\" cellspacing=\"0\" cellpadding=\"0\">\n<tr>\n<td style=\"text-align: center;\"><img loading=\"lazy\" decoding=\"async\" src=\"images\/bbraun_stent-coroflex-blue.jpg\" width=\"160\" height=\"111\"><\/td>\n<td><img loading=\"lazy\" decoding=\"async\" src=\"images\/1pixel_blank.gif\" width=\"24\" height=\"1\"><\/td>\n<td style=\"text-align: center;\"><img loading=\"lazy\" decoding=\"async\" src=\"images\/bbraun_2.jpg\" width=\"160\" height=\"111\"><\/td>\n<\/tr>\n<tr>\n<td style=\"text-align: center;\">Stent<\/td>\n<td>&nbsp;<\/td>\n<td style=\"text-align: center;\">Koronarer Stent<br \/>(aufgeweitet)<\/td>\n<\/tr>\n<tr>\n<td colspan=\"3\" style=\"text-align: center;\">Bildnachweis: BVMed-Bilderpool<br \/>\n                    Bildquelle: B. BRAUN MELSUNGEN AG<\/td>\n<\/tr>\n<\/table>\n<\/td>\n<\/tr>\n<\/table>\n<p><\/p>","protected":false},"excerpt":{"rendered":"<p>&nbsp; Planen Sie die Entwicklung eines Medizinproduktes oder eines kombinierten Medizinproduktes mit Arzneistoffanteil, z.B. ein Klasse III Implantat mit einem Arzneistoff? Unsere Experten vereinen Erfahrungen aus der pharmazeutischen und klinischen Entwicklung mit der Medizinproduktewelt. Dadurch wird bereits in der Planungsphase eine rationale Konzepterstellung erm\u00f6glicht, die gleicherma\u00dfen die Anforderungen aus dem Konformit\u00e4tsbewertungsverfahren der benannten Stelle und&#8230; <\/p>\n","protected":false},"author":1,"featured_media":0,"parent":0,"menu_order":0,"comment_status":"closed","ping_status":"closed","template":"full-width.php","meta":{"footnotes":""},"class_list":["post-116","page","type-page","status-publish","hentry"],"_links":{"self":[{"href":"https:\/\/explicat.biz\/de\/wp-json\/wp\/v2\/pages\/116","targetHints":{"allow":["GET"]}}],"collection":[{"href":"https:\/\/explicat.biz\/de\/wp-json\/wp\/v2\/pages"}],"about":[{"href":"https:\/\/explicat.biz\/de\/wp-json\/wp\/v2\/types\/page"}],"author":[{"embeddable":true,"href":"https:\/\/explicat.biz\/de\/wp-json\/wp\/v2\/users\/1"}],"replies":[{"embeddable":true,"href":"https:\/\/explicat.biz\/de\/wp-json\/wp\/v2\/comments?post=116"}],"version-history":[{"count":25,"href":"https:\/\/explicat.biz\/de\/wp-json\/wp\/v2\/pages\/116\/revisions"}],"predecessor-version":[{"id":428,"href":"https:\/\/explicat.biz\/de\/wp-json\/wp\/v2\/pages\/116\/revisions\/428"}],"wp:attachment":[{"href":"https:\/\/explicat.biz\/de\/wp-json\/wp\/v2\/media?parent=116"}],"curies":[{"name":"wp","href":"https:\/\/api.w.org\/{rel}","templated":true}]}}