{"id":109,"date":"2016-09-16T08:48:17","date_gmt":"2016-09-16T08:48:17","guid":{"rendered":"https:\/\/explicat.biz\/?page_id=109"},"modified":"2020-12-21T13:03:42","modified_gmt":"2020-12-21T13:03:42","slug":"formulation-development","status":"publish","type":"page","link":"https:\/\/explicat.biz\/de\/formulation-development","title":{"rendered":"Formulierungsentwicklung"},"content":{"rendered":"<p><\/p>\n<table style=\"background: url('images\/services-fd.jpg'); background-position: 0px 20px; background-repeat: no-repeat;\" border=\"0\" width=\"90%\" cellspacing=\"0\" cellpadding=\"0\">\n<tbody>\n<tr>\n<td width=\"45%\"><\/td>\n<td width=\"55%\">Wir entwickeln f\u00fcr Sie die geeignete Formulierung, die folgenden Anforderungen entspricht:<\/p>\n<ul>\n<li>Art der Verabreichung<br \/>\n&#8211; Transdermal<br \/>\n&#8211; Parenteral<br \/>\n&#8211; Oral<\/li>\n<li>Spezielle Formulierungen<br \/>\n&#8211; Mikropartikel<br \/>\n&#8211; Cyclodextrine<\/li>\n<li>Angepasst an die physikalisch-chemischen Eigenschaften ihres Wirkstoffs<\/li>\n<li>Bei geringer Wasserl\u00f6slichkeit z.B.<br \/>\n&#8211; Nanopartikel<br \/>\n&#8211; Verbesserung der L\u00f6slichkeit z.B. durch mizellare Solubilisierung<\/li>\n<li>Passend zur Phase Ihres Entwicklungsprojektes<\/li>\n<li>Pr\u00e4klinische Formulierung<\/li>\n<li>Klinische Formulierung<\/li>\n<li>Toxikologische Studien<\/li>\n<li>Sicherheitsstudien<\/li>\n<li>Mutagenit\u00e4tsstudien<\/li>\n<li>Karzinogenit\u00e4tsstudien<\/li>\n<li>Angepasst an die Spezies und an das individuelle Tier<\/li>\n<li>Prozessentwicklung<\/li>\n<li>Anwendung von PAT \/ QbD Konzepten<\/li>\n<\/ul>\n<\/td>\n<\/tr>\n<\/tbody>\n<\/table>\n<p><\/p>","protected":false},"excerpt":{"rendered":"<p>Wir entwickeln f\u00fcr Sie die geeignete Formulierung, die folgenden Anforderungen entspricht: Art der Verabreichung &#8211; Transdermal &#8211; Parenteral &#8211; Oral Spezielle Formulierungen &#8211; Mikropartikel &#8211; Cyclodextrine Angepasst an die physikalisch-chemischen Eigenschaften ihres Wirkstoffs Bei geringer Wasserl\u00f6slichkeit z.B. &#8211; Nanopartikel &#8211; Verbesserung der L\u00f6slichkeit z.B. durch mizellare Solubilisierung Passend zur Phase Ihres Entwicklungsprojektes Pr\u00e4klinische Formulierung Klinische&#8230; <\/p>\n","protected":false},"author":1,"featured_media":0,"parent":0,"menu_order":0,"comment_status":"closed","ping_status":"closed","template":"full-width.php","meta":{"footnotes":""},"class_list":["post-109","page","type-page","status-publish","hentry"],"_links":{"self":[{"href":"https:\/\/explicat.biz\/de\/wp-json\/wp\/v2\/pages\/109","targetHints":{"allow":["GET"]}}],"collection":[{"href":"https:\/\/explicat.biz\/de\/wp-json\/wp\/v2\/pages"}],"about":[{"href":"https:\/\/explicat.biz\/de\/wp-json\/wp\/v2\/types\/page"}],"author":[{"embeddable":true,"href":"https:\/\/explicat.biz\/de\/wp-json\/wp\/v2\/users\/1"}],"replies":[{"embeddable":true,"href":"https:\/\/explicat.biz\/de\/wp-json\/wp\/v2\/comments?post=109"}],"version-history":[{"count":8,"href":"https:\/\/explicat.biz\/de\/wp-json\/wp\/v2\/pages\/109\/revisions"}],"predecessor-version":[{"id":878,"href":"https:\/\/explicat.biz\/de\/wp-json\/wp\/v2\/pages\/109\/revisions\/878"}],"wp:attachment":[{"href":"https:\/\/explicat.biz\/de\/wp-json\/wp\/v2\/media?parent=109"}],"curies":[{"name":"wp","href":"https:\/\/api.w.org\/{rel}","templated":true}]}}